{"id":987,"date":"2026-04-09T06:47:31","date_gmt":"2026-04-09T06:47:31","guid":{"rendered":"https:\/\/treningbarbati.ro\/?product=set-trening-grizzly-hanorac-si-pantaloni-bej-l-tres-amigos-by-emag-ro"},"modified":"2026-04-09T06:47:37","modified_gmt":"2026-04-09T06:47:37","slug":"set-trening-grizzly-hanorac-si-pantaloni-bej-l-tres-amigos-by-emag-ro","status":"publish","type":"product","link":"https:\/\/treningbarbati.ro\/?product=set-trening-grizzly-hanorac-si-pantaloni-bej-l-tres-amigos-by-emag-ro","title":{"rendered":"Set trening Grizzly Hanorac si pantaloni bej L Tres Amigos By Emag.ro"},"content":{"rendered":"<p>html<\/p>\n<div>\n<h2>Introducere<\/h2>\n<p>\u00centr-o lume \u00een continu\u0103 mi\u0219care, confortul \u0219i stilul devin priorit\u0103\u021bi esen\u021biale pentru b\u0103rba\u021bii moderni. Fie c\u0103 e\u0219ti la sal\u0103, te relaxezi acas\u0103 sau ie\u0219i cu prietenii, un set de trening potrivit poate face diferen\u021ba \u00eentre o zi obi\u0219nuit\u0103 \u0219i una extraordinar\u0103. Setul de trening Grizzly Hanorac \u0219i pantaloni bej L Tres Amigos este alegerea perfect\u0103 pentru cei care doresc s\u0103 \u00eembine func\u021bionalitatea cu moda contemporan\u0103.<\/p>\n<h2>Descriere detaliat\u0103<\/h2>\n<p>Setul de trening Grizzly Hanorac \u0219i pantaloni bej L Tres Amigos este conceput pentru a oferi at\u00e2t confort c\u00e2t \u0219i stil. Acest set include un hanorac elegant \u0219i pantaloni asorta\u021bi, ambele piese fiind realizate din poliester de \u00eenalt\u0103 calitate. Culoarea bej adaug\u0103 o not\u0103 sofisticat\u0103 garderobei tale, fiind u\u0219or de combinat cu alte articole vestimentare.<\/p>\n<table>\n<thead>\n<tr>\n<th colspan=\"2\">Caracteristici generale<\/th>\n<\/tr>\n<\/thead>\n<tbody>\n<tr>\n<td>Marime<\/td>\n<td>L-REG INTL<\/td>\n<\/tr>\n<\/tbody>\n<thead>\n<tr>\n<th colspan=\"2\">Caracteristici<\/th>\n<\/tr>\n<\/thead>\n<tbody>\n<tr>\n<td>Culoare<\/td>\n<td>Bej<\/td>\n<\/tr>\n<tr>\n<td>Material<\/td>\n<td>Poliester<\/td>\n<\/tr>\n<\/tbody>\n<\/table>\n<p>    <!-- Sfaturi utilizare --><br \/>\n    <!-- Beneficii practice --><\/p>\n<p>    <!-- Argumente vanzare --><\/p>\n<p>   <!-- Sugestii stil --><\/p>\n<p>  &#8221;&#8221;&#8221;&#8221;&#8217;<\/p>\n<p><a href=\"https:\/\/l.profitshare.ro\/l\/14529720?redirect=https:\/\/www.emag.ro\/set-trening-grizzly-hanorac-si-pantaloni-bej-l-tres-amigos-5906670609343\/pd\/DN5LCN3BM\/\" target=\"_blank\" rel=\"nofollow noopener sponsored\"><\/p>\n<div class=\"well js-product-review-modal-host\">\n<div class=\"row\">\n<div class=\"col-md-10 col-md-offset-1\">\n<div class=\"table-layout block-sm-layout row\">\n<div class=\"table-cell col-xs-12 col-sm-5 col-md-5\">\n<h3 class=\"strong mt-2\">Fii primul care scrie un review<\/h3>\n<p>Spune-ti parerea acordand o nota produsului<\/p>\n<\/p><\/div>\n<div class=\"table-cell hidden-xs col-sm-2 col-md-2 text-center\">\n                            <\/div>\n<div class=\"table-cell col-xs-12 col-sm-5 col-md-5\">\n<div class=\"form-group js-review-add-info\" data-url=\"?ref=review-box_add-review_icon\">\n                                    <label for=\"new-review-input\" class=\"control-label sr-only\">Rating:<\/label><\/p>\n<div class=\"star-rating star-rating-input  star-rating-lg  star-rating-input gtm_dx0pnu\">\n<div class=\"star-rating-inner gtm_dx0pnu\"><button type=\"button\" class=\"em em-star_fill gtm_dx0pnu\" data-rating=\"5\"><\/button><button type=\"button\" class=\"em em-star_fill gtm_dx0pnu\" data-rating=\"4\"><\/button><button type=\"button\" class=\"em em-star_fill gtm_dx0pnu\" data-rating=\"3\"><\/button><button type=\"button\" class=\"em em-star_fill gtm_dx0pnu\" data-rating=\"2\"><\/button><button type=\"button\" class=\"em em-star_fill gtm_dx0pnu\" data-rating=\"1\"><\/button><\/div>\n<p>        <input type=\"hidden\" name=\"new-review\" value=\"0\">\n    <\/div>\n<p>                                    <span class=\"star-rating-text star-rating-lg strong visible-xs-block visible-sm-block visible-md-block visible-lg-inline-block visible-xl-inline-block js-review-add-text\">Acorda o nota<\/span>\n                                <\/div>\n<p>                                                                <a href=\"?ref=review-box_add-review_btn\" class=\"btn btn-primary btn-lg js-product-review-modal gtm_prod_page_review_write\" data-modal-auth-redirect-url=\"?ref=review-box_add-review_btn\" data-modal-confirm-edit=\"\">Adauga un review<\/a>\n                            <\/div>\n<\/p><\/div>\n<\/p><\/div>\n<\/p><\/div>\n<\/p><\/div>\n<p><\/a><\/p>\n<p>\u00a0<\/p>\n","protected":false},"excerpt":{"rendered":"<p>Comanda acum TRES AMIGOS &#8211; Set trening Grizzly Hanorac si pantaloni bej L<br \/>\n                    Rate 0% dobanda cu MyWallet<\/p>\n","protected":false},"featured_media":923,"comment_status":"closed","ping_status":"open","template":"","meta":{"iawp_total_views":0},"product_brand":[232],"product_cat":[217,215,233],"product_tag":[],"class_list":{"0":"post-987","1":"product","2":"type-product","3":"status-publish","4":"has-post-thumbnail","6":"product_brand-tres-amigos","7":"product_cat-trening-barbati","8":"product_cat-trening-barbati-firma","9":"product_cat-trening-barbati-tres-amigos","10":"pa_magazin-emag-ro","12":"first","13":"instock","14":"product-type-external"},"_links":{"self":[{"href":"https:\/\/treningbarbati.ro\/index.php?rest_route=\/wp\/v2\/product\/987","targetHints":{"allow":["GET"]}}],"collection":[{"href":"https:\/\/treningbarbati.ro\/index.php?rest_route=\/wp\/v2\/product"}],"about":[{"href":"https:\/\/treningbarbati.ro\/index.php?rest_route=\/wp\/v2\/types\/product"}],"replies":[{"embeddable":true,"href":"https:\/\/treningbarbati.ro\/index.php?rest_route=%2Fwp%2Fv2%2Fcomments&post=987"}],"wp:featuredmedia":[{"embeddable":true,"href":"https:\/\/treningbarbati.ro\/index.php?rest_route=\/wp\/v2\/media\/923"}],"wp:attachment":[{"href":"https:\/\/treningbarbati.ro\/index.php?rest_route=%2Fwp%2Fv2%2Fmedia&parent=987"}],"wp:term":[{"taxonomy":"product_brand","embeddable":true,"href":"https:\/\/treningbarbati.ro\/index.php?rest_route=%2Fwp%2Fv2%2Fproduct_brand&post=987"},{"taxonomy":"product_cat","embeddable":true,"href":"https:\/\/treningbarbati.ro\/index.php?rest_route=%2Fwp%2Fv2%2Fproduct_cat&post=987"},{"taxonomy":"product_tag","embeddable":true,"href":"https:\/\/treningbarbati.ro\/index.php?rest_route=%2Fwp%2Fv2%2Fproduct_tag&post=987"}],"curies":[{"name":"wp","href":"https:\/\/api.w.org\/{rel}","templated":true}]}}