{"id":929,"date":"2026-04-09T06:46:41","date_gmt":"2026-04-09T06:46:41","guid":{"rendered":"https:\/\/treningbarbati.ro\/?product=set-trening-bleumarin-cu-hanorac-si-pantaloni-talie-mare-tres-amigos-by-emag-ro"},"modified":"2026-04-09T06:46:48","modified_gmt":"2026-04-09T06:46:48","slug":"set-trening-bleumarin-cu-hanorac-si-pantaloni-talie-mare-tres-amigos-by-emag-ro","status":"publish","type":"product","link":"https:\/\/treningbarbati.ro\/?product=set-trening-bleumarin-cu-hanorac-si-pantaloni-talie-mare-tres-amigos-by-emag-ro","title":{"rendered":"Set trening bleumarin cu hanorac si pantaloni, talie mare, Tres Amigos By Emag.ro"},"content":{"rendered":"<p>html<\/p>\n<div>\n<h2>Introducere<\/h2>\n<p>\u00centr-o lume \u00een care confortul \u0219i stilul nu mai sunt un lux, ci o necesitate, Setul de trening bleumarin cu hanorac \u0219i pantaloni, talie mare, Tres Amigos devine alegerea ideal\u0103 pentru b\u0103rba\u021bii moderni. Fie c\u0103 e\u0219ti pasionat de fitness sau pur \u0219i simplu \u00ee\u021bi dore\u0219ti o \u021binut\u0103 relaxat\u0103 pentru activit\u0103\u021bile zilnice, acest set se dovede\u0219te a fi partenerul perfect. Descoper\u0103 cum acest produs poate transforma garderoba ta \u00eentr-un mod practic \u0219i elegant.<\/p>\n<h2>Detalii produs<\/h2>\n<h3>Descriere detaliat\u0103<\/h3>\n<p>Setul de trening bleumarin cu hanorac \u0219i pantaloni de la Tres Amigos este conceput special pentru b\u0103rba\u021bii care apreciaz\u0103 at\u00e2t confortul c\u00e2t \u0219i stilul. Fabricat din poliester de calitate superioar\u0103, acesta ofer\u0103 un echilibru perfect \u00eentre durabilitate \u0219i lejeritate. Culoarea albastr\u0103 adaug\u0103 un plus de elegan\u021b\u0103 casual \u021binutei tale.<\/p>\n<table class=\"table table-striped specifications-table\">\n<thead>\n<tr>\n<th colspan=\"2\">Caracteristici generale<\/th>\n<\/tr>\n<\/thead>\n<tbody>\n<tr>\n<td class=\"col-xs-4 text-muted\">Marime<\/td>\n<td class=\"col-xs-8\">L-REG INTL<\/td>\n<\/tr>\n<\/tbody>\n<thead>\n<tr>\n<th colspan=\"2\">Caracteristici specifice<\/th>\n<\/tr>\n<\/thead>\n<tbody>\n<tr>\n<td class=\"col-xs-4 text-muted\">Culoare<\/td>\n<td class=\"col-xs-8\">Albastru<\/td>\n<\/tr>\n<p>            <!-- Add more rows as needed --><\/p>\n<p>            <!-- Material row --><\/p>\n<tr>\n<td class=\"col-xs-4 text-muted\">Material<\/td>\n<td class=\"col-xs-8\">Poliester <\/td>\n<\/tr>\n<\/tbody>\n<\/table>\n<p>  <!-- Add more sections as needed --><\/p>\n<p><!-- Add more sections as needed --><\/p>\n<p><!-- Add more sections as needed --><\/p>\n<p><!-- Add more sections as needed --><\/p>\n<p><!-- Add more sections as needed --><\/p>\n<p><!-- Add more sections as needed --><\/p>\n<p><a href=\"https:\/\/l.profitshare.ro\/l\/14529720?redirect=https:\/\/www.emag.ro\/set-trening-bleumarin-cu-hanorac-si-pantaloni-talie-mare-tres-amigos-5906670614941\/pd\/DSZLCN3BM\/\" target=\"_blank\" rel=\"nofollow noopener sponsored\"><\/p>\n<div class=\"well js-product-review-modal-host\">\n<div class=\"row\">\n<div class=\"col-md-10 col-md-offset-1\">\n<div class=\"table-layout block-sm-layout row\">\n<div class=\"table-cell col-xs-12 col-sm-5 col-md-5\">\n<h3 class=\"strong mt-2\">Fii primul care scrie un review<\/h3>\n<p>Spune-ti parerea acordand o nota produsului<\/p>\n<\/p><\/div>\n<div class=\"table-cell hidden-xs col-sm-2 col-md-2 text-center\">\n                            <\/div>\n<div class=\"table-cell col-xs-12 col-sm-5 col-md-5\">\n<div class=\"form-group js-review-add-info\" data-url=\"?ref=review-box_add-review_icon\">\n                                    <label for=\"new-review-input\" class=\"control-label sr-only\">Rating:<\/label><\/p>\n<div class=\"star-rating star-rating-input  star-rating-lg  star-rating-input gtm_dx0pnu\">\n<div class=\"star-rating-inner gtm_dx0pnu\"><button type=\"button\" class=\"em em-star_fill gtm_dx0pnu\" data-rating=\"5\"><\/button><button type=\"button\" class=\"em em-star_fill gtm_dx0pnu\" data-rating=\"4\"><\/button><button type=\"button\" class=\"em em-star_fill gtm_dx0pnu\" data-rating=\"3\"><\/button><button type=\"button\" class=\"em em-star_fill gtm_dx0pnu\" data-rating=\"2\"><\/button><button type=\"button\" class=\"em em-star_fill gtm_dx0pnu\" data-rating=\"1\"><\/button><\/div>\n<p>        <input type=\"hidden\" name=\"new-review\" value=\"0\">\n    <\/div>\n<p>                                    <span class=\"star-rating-text star-rating-lg strong visible-xs-block visible-sm-block visible-md-block visible-lg-inline-block visible-xl-inline-block js-review-add-text\">Acorda o nota<\/span>\n                                <\/div>\n<p>                                                                <a href=\"?ref=review-box_add-review_btn\" class=\"btn btn-primary btn-lg js-product-review-modal gtm_prod_page_review_write\" data-modal-auth-redirect-url=\"?ref=review-box_add-review_btn\" data-modal-confirm-edit=\"\">Adauga un review<\/a>\n                            <\/div>\n<\/p><\/div>\n<\/p><\/div>\n<\/p><\/div>\n<\/p><\/div>\n<p><\/a><\/p>\n<p>\u00a0<\/p>\n","protected":false},"excerpt":{"rendered":"<p>Comanda acum TRES AMIGOS &#8211; Set trening bleumarin cu hanorac si pantaloni, talie mare<br \/>\n                    Rate 0% dobanda cu MyWallet<\/p>\n","protected":false},"featured_media":930,"comment_status":"closed","ping_status":"open","template":"","meta":{"iawp_total_views":0},"product_brand":[232],"product_cat":[217,215,233],"product_tag":[],"class_list":{"0":"post-929","1":"product","2":"type-product","3":"status-publish","4":"has-post-thumbnail","6":"product_brand-tres-amigos","7":"product_cat-trening-barbati","8":"product_cat-trening-barbati-firma","9":"product_cat-trening-barbati-tres-amigos","10":"pa_magazin-emag-ro","12":"first","13":"instock","14":"product-type-external"},"_links":{"self":[{"href":"https:\/\/treningbarbati.ro\/index.php?rest_route=\/wp\/v2\/product\/929","targetHints":{"allow":["GET"]}}],"collection":[{"href":"https:\/\/treningbarbati.ro\/index.php?rest_route=\/wp\/v2\/product"}],"about":[{"href":"https:\/\/treningbarbati.ro\/index.php?rest_route=\/wp\/v2\/types\/product"}],"replies":[{"embeddable":true,"href":"https:\/\/treningbarbati.ro\/index.php?rest_route=%2Fwp%2Fv2%2Fcomments&post=929"}],"wp:featuredmedia":[{"embeddable":true,"href":"https:\/\/treningbarbati.ro\/index.php?rest_route=\/wp\/v2\/media\/930"}],"wp:attachment":[{"href":"https:\/\/treningbarbati.ro\/index.php?rest_route=%2Fwp%2Fv2%2Fmedia&parent=929"}],"wp:term":[{"taxonomy":"product_brand","embeddable":true,"href":"https:\/\/treningbarbati.ro\/index.php?rest_route=%2Fwp%2Fv2%2Fproduct_brand&post=929"},{"taxonomy":"product_cat","embeddable":true,"href":"https:\/\/treningbarbati.ro\/index.php?rest_route=%2Fwp%2Fv2%2Fproduct_cat&post=929"},{"taxonomy":"product_tag","embeddable":true,"href":"https:\/\/treningbarbati.ro\/index.php?rest_route=%2Fwp%2Fv2%2Fproduct_tag&post=929"}],"curies":[{"name":"wp","href":"https:\/\/api.w.org\/{rel}","templated":true}]}}