{"id":925,"date":"2026-04-09T06:46:41","date_gmt":"2026-04-09T06:46:41","guid":{"rendered":"https:\/\/treningbarbati.ro\/?product=set-barbatesc-cu-bluza-si-pantaloni-de-catifea-violet-marimea-l-tres-by-emag-ro"},"modified":"2026-04-09T06:46:44","modified_gmt":"2026-04-09T06:46:44","slug":"set-barbatesc-cu-bluza-si-pantaloni-de-catifea-violet-marimea-l-tres-by-emag-ro","status":"publish","type":"product","link":"https:\/\/treningbarbati.ro\/?product=set-barbatesc-cu-bluza-si-pantaloni-de-catifea-violet-marimea-l-tres-by-emag-ro","title":{"rendered":"Set barbatesc cu bluza si pantaloni de catifea, violet, marimea L, Tres By Emag.ro"},"content":{"rendered":"<p>html<\/p>\n<div>\n<h2>Descoper\u0103 Confortul \u0219i Elegan\u021ba cu Setul B\u0103rb\u0103tesc de Catifea<\/h2>\n<p>\u00centr-o lume \u00een care stilul \u0219i confortul se \u00eempletesc \u00een mod armonios, seturile de treninguri b\u0103rb\u0103te\u0219ti devin o alegere esen\u021bial\u0103 pentru garderoba oric\u0103rui b\u0103rbat modern. Setul b\u0103rb\u0103tesc cu bluz\u0103 \u0219i pantaloni de catifea, violet, m\u0103rimea L, Tres, nu este doar un simplu articol vestimentar; este o declara\u021bie de stil \u0219i rafinament. Acest produs este creat pentru cei care doresc s\u0103 \u00eembine elegan\u021ba cu func\u021bionalitatea \u00eentr-un mod subtil dar remarcabil.<\/p>\n<h2>Detalii Produs<\/h2>\n<p>Setul b\u0103rb\u0103tesc cu bluz\u0103 \u0219i pantaloni de catifea reprezint\u0103 o alegere ideal\u0103 pentru cei care apreciaz\u0103 calitatea superioar\u0103 a materialelor \u0219i designului. Realizat din elastan, acest set ofer\u0103 flexibilitate \u0219i confort sporit, fiind perfect at\u00e2t pentru activit\u0103\u021bile zilnice c\u00e2t \u0219i pentru momentele relaxante petrecute acas\u0103.<\/p>\n<h3>Caracteristici Generale<\/h3>\n<table class=\"table table-striped specifications-table\">\n<thead>\n<tr>\n<th colspan=\"2\">Specifica\u021bii<\/th>\n<\/tr>\n<\/thead>\n<tbody>\n<tr>\n<td class=\"col-xs-4 text-muted\">M\u0103rime<\/td>\n<td class=\"col-xs-8\">L-REG INTL<\/td>\n<\/tr>\n<\/tbody>\n<\/table>\n<h3>Caracteristici Detaliate<\/h3>\n<table class=\"table table-striped specifications-table\">\n<thead><\/thead>\n<p><!-- Inten\u021bionat gol --><\/p>\n<tbody>\n<tr>\n<td class=\"col-xs-4 text-muted\">Culoare<\/td>\n<td class=\"col-xs-8\">Violet<\/td>\n<\/tr>\n<p>            <!-- Culoarea vibrant violet adaug\u0103 un plus de personalitate \u021binutei tale. --><\/p>\n<p>            <!-- Materiale --><br \/>\n            <!-- Materialele sunt alese special pentru a asigura durabilitate si confort. --><\/p>\n<p>             <!-- Elastan --><br \/>\n             <!-- Elastanul confera elasticitate si libertate in miscare. --><\/p>\n<p>             <!-- Catifeaua aduce un plus de eleganta si sofisticare tinutei tale casual sau sport. --><\/p>\n<p>             <!-- Design Modern --><br \/>\n             <!-- Design-ul modern al acestui set il face potrivit atat pentru evenimente casual cat si semi-formale. --><\/p>\n<pre><code><\/code><\/pre>\n<pre><code><\/code><\/pre>\n<pre><code><\/code><\/pre>\n<pre><code><\/code><\/pre>\n<pre><code><\/code><\/pre>\n<p><!--  --> <\/p>\n<p><!--  --> <\/p>\n<p><!--  --> <\/p>\n<p><!--  --> <\/p>\n<p><!--  --> <\/p>\n<p><!--  --> <\/p>\n<p><!--  --> <\/p>\n<p><!--  --> <\/p>\n<p><!DOCTYPE html><\/p>\n<p><!DOCTYPE html><\/p>\n<p><!DOCTYPE html><\/p>\n<p><!DOCTYPE html><\/p>\n<p><!DOCTYPE html><\/p>\n<p><a href=\"https:\/\/l.profitshare.ro\/l\/14529720?redirect=https:\/\/www.emag.ro\/set-barbatesc-cu-bluza-si-pantaloni-de-catifea-violet-marimea-l-tres-5906670603075\/pd\/DYLLCN3BM\/\" target=\"_blank\" rel=\"nofollow noopener sponsored\"><\/p>\n<div class=\"well js-product-review-modal-host\">\n<div class=\"row\">\n<div class=\"col-md-10 col-md-offset-1\">\n<div class=\"table-layout block-sm-layout row\">\n<div class=\"table-cell col-xs-12 col-sm-5 col-md-5\">\n<h3 class=\"strong mt-2\">Fii primul care scrie un review<\/h3>\n<p>Spune-ti parerea acordand o nota produsului<\/p>\n<\/p><\/div>\n<div class=\"table-cell hidden-xs col-sm-2 col-md-2 text-center\">\n                            <\/div>\n<div class=\"table-cell col-xs-12 col-sm-5 col-md-5\">\n<div class=\"form-group js-review-add-info\" data-url=\"?ref=review-box_add-review_icon\">\n                                    <label for=\"new-review-input\" class=\"control-label sr-only\">Rating:<\/label><\/p>\n<div class=\"star-rating star-rating-input  star-rating-lg  star-rating-input gtm_dx0pnu\">\n<div class=\"star-rating-inner gtm_dx0pnu\"><button type=\"button\" class=\"em em-star_fill gtm_dx0pnu\" data-rating=\"5\"><\/button><button type=\"button\" class=\"em em-star_fill gtm_dx0pnu\" data-rating=\"4\"><\/button><button type=\"button\" class=\"em em-star_fill gtm_dx0pnu\" data-rating=\"3\"><\/button><button type=\"button\" class=\"em em-star_fill gtm_dx0pnu\" data-rating=\"2\"><\/button><button type=\"button\" class=\"em em-star_fill gtm_dx0pnu\" data-rating=\"1\"><\/button><\/div>\n<p>        <input type=\"hidden\" name=\"new-review\" value=\"0\">\n    <\/div>\n<p>                                    <span class=\"star-rating-text star-rating-lg strong visible-xs-block visible-sm-block visible-md-block visible-lg-inline-block visible-xl-inline-block js-review-add-text\">Acorda o nota<\/span>\n                                <\/div>\n<p>                                                                <a href=\"?ref=review-box_add-review_btn\" class=\"btn btn-primary btn-lg js-product-review-modal gtm_prod_page_review_write\" data-modal-auth-redirect-url=\"?ref=review-box_add-review_btn\" data-modal-confirm-edit=\"\">Adauga un review<\/a>\n                            <\/div>\n<\/p><\/div>\n<\/p><\/div>\n<\/p><\/div>\n<\/p><\/div>\n<p><\/a><\/p>\n<p>\u00a0<\/p>\n","protected":false},"excerpt":{"rendered":"<p>Comanda acum TRES AMIGOS &#8211; Set barbatesc cu bluza si pantaloni de catifea, violet, marimea L, Tres<br \/>\n                    Rate 0% dobanda cu MyWallet<\/p>\n","protected":false},"featured_media":766,"comment_status":"closed","ping_status":"open","template":"","meta":{"iawp_total_views":0},"product_brand":[232],"product_cat":[217,215,233],"product_tag":[],"class_list":{"0":"post-925","1":"product","2":"type-product","3":"status-publish","4":"has-post-thumbnail","6":"product_brand-tres-amigos","7":"product_cat-trening-barbati","8":"product_cat-trening-barbati-firma","9":"product_cat-trening-barbati-tres-amigos","10":"pa_magazin-emag-ro","12":"first","13":"instock","14":"product-type-external"},"_links":{"self":[{"href":"https:\/\/treningbarbati.ro\/index.php?rest_route=\/wp\/v2\/product\/925","targetHints":{"allow":["GET"]}}],"collection":[{"href":"https:\/\/treningbarbati.ro\/index.php?rest_route=\/wp\/v2\/product"}],"about":[{"href":"https:\/\/treningbarbati.ro\/index.php?rest_route=\/wp\/v2\/types\/product"}],"replies":[{"embeddable":true,"href":"https:\/\/treningbarbati.ro\/index.php?rest_route=%2Fwp%2Fv2%2Fcomments&post=925"}],"wp:featuredmedia":[{"embeddable":true,"href":"https:\/\/treningbarbati.ro\/index.php?rest_route=\/wp\/v2\/media\/766"}],"wp:attachment":[{"href":"https:\/\/treningbarbati.ro\/index.php?rest_route=%2Fwp%2Fv2%2Fmedia&parent=925"}],"wp:term":[{"taxonomy":"product_brand","embeddable":true,"href":"https:\/\/treningbarbati.ro\/index.php?rest_route=%2Fwp%2Fv2%2Fproduct_brand&post=925"},{"taxonomy":"product_cat","embeddable":true,"href":"https:\/\/treningbarbati.ro\/index.php?rest_route=%2Fwp%2Fv2%2Fproduct_cat&post=925"},{"taxonomy":"product_tag","embeddable":true,"href":"https:\/\/treningbarbati.ro\/index.php?rest_route=%2Fwp%2Fv2%2Fproduct_tag&post=925"}],"curies":[{"name":"wp","href":"https:\/\/api.w.org\/{rel}","templated":true}]}}