{"id":878,"date":"2026-04-09T06:45:53","date_gmt":"2026-04-09T06:45:53","guid":{"rendered":"https:\/\/treningbarbati.ro\/?product=set-barbatesc-bluza-cu-guler-inalt-si-pantaloni-din-catifea-maslinie-marimea-s-tres-by-emag-ro"},"modified":"2026-04-09T06:46:01","modified_gmt":"2026-04-09T06:46:01","slug":"set-barbatesc-bluza-cu-guler-inalt-si-pantaloni-din-catifea-maslinie-marimea-s-tres-by-emag-ro","status":"publish","type":"product","link":"https:\/\/treningbarbati.ro\/?product=set-barbatesc-bluza-cu-guler-inalt-si-pantaloni-din-catifea-maslinie-marimea-s-tres-by-emag-ro","title":{"rendered":"Set barbatesc: bluza cu guler inalt si pantaloni din catifea maslinie, marimea S Tres By Emag.ro"},"content":{"rendered":"<p>&#8220;`html<\/p>\n<div>\n<h2>Introducere<\/h2>\n<p>\u00centr-o lume \u00een care stilul \u0219i confortul sunt esen\u021biale, alegerea \u021binutei perfecte poate fi o provocare. \u00cen c\u0103utarea unui echilibru \u00eentre elegan\u021b\u0103 \u0219i func\u021bionalitate, setul b\u0103rb\u0103tesc format din bluz\u0103 cu guler \u00eenalt \u0219i pantaloni din catifea m\u0103slinie devine solu\u021bia ideal\u0103. Acest set nu doar c\u0103 \u00ee\u021bi ofer\u0103 un aspect sofisticat, dar \u00ee\u021bi asigur\u0103 \u0219i confortul de care ai nevoie pe parcursul \u00eentregii zile. Cu un design modern \u0219i material de calitate superioar\u0103, acest trening pentru b\u0103rba\u021bi este alegerea perfect\u0103 pentru orice garderob\u0103.<\/p>\n<h2>Descriere Detaliat\u0103 a Produsului<\/h2>\n<h3>Detalii produs<\/h3>\n<p>Setul b\u0103rb\u0103tesc include o bluz\u0103 cu guler \u00eenalt \u0219i pantaloni confec\u021biona\u021bi din catifea m\u0103slinie, disponibile \u00een m\u0103rimea S Tres. Aceast\u0103 combina\u021bie de articole vestimentare este perfect conceput\u0103 pentru a oferi at\u00e2t stil c\u00e2t \u0219i confort.<\/p>\n<table class=\"specifications-table\">\n<thead>\n<tr>\n<th colspan=\"2\">Caracteristici Generale<\/th>\n<\/tr>\n<\/thead>\n<tbody>\n<tr>\n<td class=\"col-xs-4 text-muted\">M\u0103rime<\/td>\n<td class=\"col-xs-8\">S INTL<\/td>\n<\/tr>\n<\/tbody>\n<thead>\n<tr>\n<th colspan=\"2\">Caracteristici<\/th>\n<\/tr>\n<\/thead>\n<tbody>\n<tr>\n                <\n\n<td class=\"col-xs-4 text-muted\">Culoare<\/td>\n<p>                <\n\n<td class=\"col-xs-8\">Verde<\/td>\n<\/tr>\n<p>            <\n\n<tr><\n\n<td class=\"col-xs-4 text-muted\">Material<<\/\/<<\/\/<<\/\/<<\/\/<<\/\/<<\/\/<Elastan< <<\/ Elastex<Elastan <<< Elastex<<< Elastan<<<< Elastan<<<< Elastan<<<< Elastane<<<< Elastex<<< Elastex<<< Elastex<<< Elastex<<< Elastane<Elastane>>>>>>>>> > > >>>>>>>>>>>>>>>>>>>> >> >> >>>>>>>>>>>>>>>>>>>>>>>>>>>>>>>>>> > > >>>>>>>>>>>>>>>  >>>>>  >>>>>>>  >> >>  >>  >>>>>>   \/\/\/      \/\/   \/\/   \/\/       \/\/\/     \/\/   \/     \/     \/       \/\/\/      \/      \/      \/       \/\/\/      \/\/\/\/\/         \/\/\/\/\/          \/\/\/\/\/\/          \/\/\/\/\/\/          \/\/\/\/\/\/           \/\/\/\/           \/\/\/\/           \/\/\/\/             \/\/\/\/\/             \/\/\/\/\/              \/\/\/\/\/               \/\/\/\/               \/\/\/\/               \/\/\/\/                 \/\/\/\/                 \/\/<                 \/\/<                  \/\/<\/                  \/\/<\/                   \/\/<\/                    \/\/<\/                     \/\/<\/                      \/\/<\/                       \/\/<                        \/\/<                         \/\/<                          \/\/<                           \/\/<                            \/\/\/<                             \/\/\/<                              \/\/\/<                               \/\/\/<                                \/\/\/<                                 \/\/\/<                                  \/\/\/<                                   \/\/\/<                                    \/\/\/                                     \/\/\/                                      \/\/\/                                       \/>                                        \/>                                         \/>                                          \/>                                           \/>                                            \/><\/                                             \/><\/                                              \/><\/                                               \/><\/                                                \/><\/                                                 \/><\/                                                  \/><                                                   \/><                                                    \/><                                                     \/><                                                      \/><                                                       ><                                                        ><                                                         ><                                                          ><                                                           ><                                                            ><                                                             ><\/                                                              ><\/                                                               ><\/                                                                ><\/                                                                 ><\/                                                                  ><\/                                                                   ><\/                                                                    ><\/                                                                     >\/                                                                      >\/                                                                       >\/                                                                        >\/                                                                         `\/                                                                          `\/                                                                           `\/                                                                            `\/<\/p>\n<p>&#8220;`<\/p>\n<p><a href=\"https:\/\/l.profitshare.ro\/l\/14529720?redirect=https:\/\/www.emag.ro\/set-barbatesc-bluza-cu-guler-inalt-si-pantaloni-din-catifea-maslinie-marimea-s-tres-5906670603259\/pd\/DNVLCN3BM\/\" target=\"_blank\" rel=\"nofollow noopener sponsored\"><\/p>\n<div class=\"well js-product-review-modal-host\">\n<div class=\"row\">\n<div class=\"col-md-10 col-md-offset-1\">\n<div class=\"table-layout block-sm-layout row\">\n<div class=\"table-cell col-xs-12 col-sm-5 col-md-5\">\n<h3 class=\"strong mt-2\">Fii primul care scrie un review<\/h3>\n<p>Spune-ti parerea acordand o nota produsului<\/p>\n<\/p><\/div>\n<div class=\"table-cell hidden-xs col-sm-2 col-md-2 text-center\">\n                            <\/div>\n<div class=\"table-cell col-xs-12 col-sm-5 col-md-5\">\n<div class=\"form-group js-review-add-info\" data-url=\"?ref=review-box_add-review_icon\">\n                                    <label for=\"new-review-input\" class=\"control-label sr-only\">Rating:<\/label><\/p>\n<div class=\"star-rating star-rating-input  star-rating-lg  star-rating-input gtm_dx0pnu\">\n<div class=\"star-rating-inner gtm_dx0pnu\"><button type=\"button\" class=\"em em-star_fill gtm_dx0pnu\" data-rating=\"5\"><\/button><button type=\"button\" class=\"em em-star_fill gtm_dx0pnu\" data-rating=\"4\"><\/button><button type=\"button\" class=\"em em-star_fill gtm_dx0pnu\" data-rating=\"3\"><\/button><button type=\"button\" class=\"em em-star_fill gtm_dx0pnu\" data-rating=\"2\"><\/button><button type=\"button\" class=\"em em-star_fill gtm_dx0pnu\" data-rating=\"1\"><\/button><\/div>\n<p>        <input type=\"hidden\" name=\"new-review\" value=\"0\">\n    <\/div>\n<p>                                    <span class=\"star-rating-text star-rating-lg strong visible-xs-block visible-sm-block visible-md-block visible-lg-inline-block visible-xl-inline-block js-review-add-text\">Acorda o nota<\/span>\n                                <\/div>\n<p>                                                                <a href=\"?ref=review-box_add-review_btn\" class=\"btn btn-primary btn-lg js-product-review-modal gtm_prod_page_review_write\" data-modal-auth-redirect-url=\"?ref=review-box_add-review_btn\" data-modal-confirm-edit=\"\">Adauga un review<\/a>\n                            <\/div>\n<\/p><\/div>\n<\/p><\/div>\n<\/p><\/div>\n<\/p><\/div>\n<p><\/a><\/p>\n<p>\u00a0<\/p>\n","protected":false},"excerpt":{"rendered":"<p>Comanda acum TRES AMIGOS &#8211; Set barbatesc: bluza cu guler inalt si pantaloni din catifea maslinie, marimea S Tres<br \/>\n                    Rate 0% dobanda cu MyWallet<\/p>\n","protected":false},"featured_media":879,"comment_status":"closed","ping_status":"open","template":"","meta":{"iawp_total_views":0},"product_brand":[232],"product_cat":[217,215,233],"product_tag":[],"class_list":{"0":"post-878","1":"product","2":"type-product","3":"status-publish","4":"has-post-thumbnail","6":"product_brand-tres-amigos","7":"product_cat-trening-barbati","8":"product_cat-trening-barbati-firma","9":"product_cat-trening-barbati-tres-amigos","10":"pa_magazin-emag-ro","12":"first","13":"instock","14":"product-type-external"},"_links":{"self":[{"href":"https:\/\/treningbarbati.ro\/index.php?rest_route=\/wp\/v2\/product\/878","targetHints":{"allow":["GET"]}}],"collection":[{"href":"https:\/\/treningbarbati.ro\/index.php?rest_route=\/wp\/v2\/product"}],"about":[{"href":"https:\/\/treningbarbati.ro\/index.php?rest_route=\/wp\/v2\/types\/product"}],"replies":[{"embeddable":true,"href":"https:\/\/treningbarbati.ro\/index.php?rest_route=%2Fwp%2Fv2%2Fcomments&post=878"}],"wp:featuredmedia":[{"embeddable":true,"href":"https:\/\/treningbarbati.ro\/index.php?rest_route=\/wp\/v2\/media\/879"}],"wp:attachment":[{"href":"https:\/\/treningbarbati.ro\/index.php?rest_route=%2Fwp%2Fv2%2Fmedia&parent=878"}],"wp:term":[{"taxonomy":"product_brand","embeddable":true,"href":"https:\/\/treningbarbati.ro\/index.php?rest_route=%2Fwp%2Fv2%2Fproduct_brand&post=878"},{"taxonomy":"product_cat","embeddable":true,"href":"https:\/\/treningbarbati.ro\/index.php?rest_route=%2Fwp%2Fv2%2Fproduct_cat&post=878"},{"taxonomy":"product_tag","embeddable":true,"href":"https:\/\/treningbarbati.ro\/index.php?rest_route=%2Fwp%2Fv2%2Fproduct_tag&post=878"}],"curies":[{"name":"wp","href":"https:\/\/api.w.org\/{rel}","templated":true}]}}