{"id":857,"date":"2026-04-09T06:45:30","date_gmt":"2026-04-09T06:45:30","guid":{"rendered":"https:\/\/treningbarbati.ro\/?product=june-trening-uni-din-amestec-de-bumbac-negru-by-emag-ro"},"modified":"2026-04-09T06:45:44","modified_gmt":"2026-04-09T06:45:44","slug":"june-trening-uni-din-amestec-de-bumbac-negru-by-emag-ro","status":"publish","type":"product","link":"https:\/\/treningbarbati.ro\/?product=june-trening-uni-din-amestec-de-bumbac-negru-by-emag-ro","title":{"rendered":"June, Trening uni din amestec de bumbac, Negru By Emag.ro"},"content":{"rendered":"<p>html<\/p>\n<div>\n<h2>Treningul June: Esen\u021ba Stilului \u0219i Confortului pentru B\u0103rba\u021bi<\/h2>\n<p>\u00centr-o lume \u00een continu\u0103 mi\u0219care, fiecare b\u0103rbat are nevoie de o \u021binut\u0103 care s\u0103 \u00eembine perfect confortul cu stilul. Treningul June, realizat dintr-un amestec de bumbac \u0219i poliester, este alegerea ideal\u0103 pentru cei care doresc s\u0103 se simt\u0103 bine \u0219i s\u0103 arate impecabil \u00een acela\u0219i timp. Cu un design modern \u0219i elegant, acest trening negru reprezint\u0103 solu\u021bia perfect\u0103 pentru activit\u0103\u021bile tale zilnice sau pentru momentele de relaxare.<\/p>\n<h3>Descriere Detaliat\u0103 a Produsului<\/h3>\n<p class=\"pt-5 text-uppercase strong\">Caracteristici<\/p>\n<table class=\"table table-striped specifications-table\">\n<tbody>\n<tr>\n<td class=\"col-xs-4 text-muted\">Culoare<\/td>\n<td class=\"col-xs-8\">Negru<\/td>\n<\/tr>\n<tr>\n<td class=\"col-xs-4 text-muted\">Imprimeu<\/td>\n<td class=\"col-xs-8\">Uni<\/td>\n<\/tr>\n<tr>\n<td class=\"col-xs-4 text-muted\">Material<\/td>\n<td class=\"col-xs-8\">Poliester Bumbac<\/td>\n<\/tr>\n<tr>\n<td class=\"col-xs-4 text-muted\">Croiala<\/td>\n<td class=\"col-xs-8\">Regular fit<\/td>\n<\/tr>\n<tr>\n                <<<<<<< Updated upstream\n                 \n=======\n>>>>>>> Stashed changes<\/p>\n<td clas s= \"co l-x s - 4 t ext-mu ted \">Lungime maneca< \/ td > <\/p>\n<td clas s = \"co l-x s - 8 \">Maneca scurta< \/ td > <\/p>\n<td clas s = \"co l-x s - 8 \">Maneca scurta< \/ td > <\/p>\n<td clas s = \"co l-x s - 8 \">Maneca scurta< \/ td > <\/p>\n<tr >\n<tr >\n<tr >\n<tr >\n<tr >\n<tr >\n<p><<<<<<< Updated upstream\n\n=======\n>>>>>>> Stashed changes<\/p>\n<\/tbody>\n<table c lass = \"tab le ta ble-str ipe d spe cific ations-t able\" >\n<tbody >\n<p><t r ><\/p>\n<p><t d cl ass =\" col-x s - 4 tex t-mute d\" > Exterio r <\/ t d ><\/p>\n<p><t d cl ass =\" col-x s - 8\" >66% polies ter ,34 % bum bac <\/ t d ><\/p>\n<p><t r ><\/p>\n<p><t r ><\/p>\n<tbody>\n<table c lass = \"tab le ta ble-str ipe d spe cific ations-t able\" >< tbody >< tr >< td cl ass =\" col-x s - 4 tex t-mute d\" > Exterio r <\/ t d >< td cl ass =\" col-x s - 8\" >66% polies ter ,34 % bum bac <\/ t d ><\/ tbody><\/ table>< p cla ss= \"pt5 te xt-up perc ase str ong\" ><\/ p>< p cla ss= \"pt5 te xt-up perc ase str ong\" ><\/ p>< p cla ss= \"pt5 te xt-up perc ase str ong\" ><\/ p>< table cl ass= \"\" >< tbod y><\/ tbod y><\/ tabl e><\/ div><!-- --> <!-- --><!-- --><!-- --><!-- --><\/p>\n<p><a href=\"https:\/\/l.profitshare.ro\/l\/14529720?redirect=https:\/\/www.emag.ro\/june-trening-uni-din-amestec-de-bumbac\/fd\/5783147\/culoare-c5401,negru-v8317693\/\" target=\"_blank\" rel=\"nofollow noopener sponsored\"><\/p>\n<div class=\"well js-product-review-modal-host\">\n<div class=\"row\">\n<div class=\"col-md-10 col-md-offset-1\">\n<div class=\"table-layout block-sm-layout row\">\n<div class=\"table-cell col-xs-12 col-sm-5 col-md-5\">\n<h3 class=\"strong mt-2\">Fii primul care scrie un review<\/h3>\n<p>Spune-ti parerea acordand o nota produsului<\/p>\n<\/p><\/div>\n<div class=\"table-cell hidden-xs col-sm-2 col-md-2 text-center\">\n                            <\/div>\n<div class=\"table-cell col-xs-12 col-sm-5 col-md-5\">\n<div class=\"form-group js-review-add-info\" data-url=\"?ref=review-box_add-review_icon\">\n                                    <label for=\"new-review-input\" class=\"control-label sr-only\">Rating:<\/label><\/p>\n<div class=\"star-rating star-rating-input  star-rating-lg  star-rating-input gtm_dx0pnu\">\n<div class=\"star-rating-inner gtm_dx0pnu\"><button type=\"button\" class=\"em em-star_fill gtm_dx0pnu\" data-rating=\"5\"><\/button><button type=\"button\" class=\"em em-star_fill gtm_dx0pnu\" data-rating=\"4\"><\/button><button type=\"button\" class=\"em em-star_fill gtm_dx0pnu\" data-rating=\"3\"><\/button><button type=\"button\" class=\"em em-star_fill gtm_dx0pnu\" data-rating=\"2\"><\/button><button type=\"button\" class=\"em em-star_fill gtm_dx0pnu\" data-rating=\"1\"><\/button><\/div>\n<p>        <input type=\"hidden\" name=\"new-review\" value=\"0\">\n    <\/div>\n<p>                                    <span class=\"star-rating-text star-rating-lg strong visible-xs-block visible-sm-block visible-md-block visible-lg-inline-block visible-xl-inline-block js-review-add-text\">Acorda o nota<\/span>\n                                <\/div>\n<p>                                                                <a href=\"?ref=review-box_add-review_btn\" class=\"btn btn-primary btn-lg js-product-review-modal gtm_prod_page_review_write\" data-modal-auth-redirect-url=\"?ref=review-box_add-review_btn\" data-modal-confirm-edit=\"\">Adauga un review<\/a>\n                            <\/div>\n<\/p><\/div>\n<\/p><\/div>\n<\/p><\/div>\n<\/p><\/div>\n<p><\/a><\/p>\n<p>\u00a0<\/p>\n","protected":false},"excerpt":{"rendered":"<p>Comanda acum June &#8211; Trening uni din amestec de bumbac, Negru<br \/>\n                    Rate 0% dobanda cu MyWallet<\/p>\n","protected":false},"featured_media":858,"comment_status":"closed","ping_status":"open","template":"","meta":{"iawp_total_views":0},"product_brand":[242],"product_cat":[217,215,243],"product_tag":[],"class_list":{"0":"post-857","1":"product","2":"type-product","3":"status-publish","4":"has-post-thumbnail","6":"product_brand-june","7":"product_cat-trening-barbati","8":"product_cat-trening-barbati-firma","9":"product_cat-trening-barbati-june","10":"pa_magazin-emag-ro","12":"first","13":"instock","14":"product-type-external"},"_links":{"self":[{"href":"https:\/\/treningbarbati.ro\/index.php?rest_route=\/wp\/v2\/product\/857","targetHints":{"allow":["GET"]}}],"collection":[{"href":"https:\/\/treningbarbati.ro\/index.php?rest_route=\/wp\/v2\/product"}],"about":[{"href":"https:\/\/treningbarbati.ro\/index.php?rest_route=\/wp\/v2\/types\/product"}],"replies":[{"embeddable":true,"href":"https:\/\/treningbarbati.ro\/index.php?rest_route=%2Fwp%2Fv2%2Fcomments&post=857"}],"wp:featuredmedia":[{"embeddable":true,"href":"https:\/\/treningbarbati.ro\/index.php?rest_route=\/wp\/v2\/media\/858"}],"wp:attachment":[{"href":"https:\/\/treningbarbati.ro\/index.php?rest_route=%2Fwp%2Fv2%2Fmedia&parent=857"}],"wp:term":[{"taxonomy":"product_brand","embeddable":true,"href":"https:\/\/treningbarbati.ro\/index.php?rest_route=%2Fwp%2Fv2%2Fproduct_brand&post=857"},{"taxonomy":"product_cat","embeddable":true,"href":"https:\/\/treningbarbati.ro\/index.php?rest_route=%2Fwp%2Fv2%2Fproduct_cat&post=857"},{"taxonomy":"product_tag","embeddable":true,"href":"https:\/\/treningbarbati.ro\/index.php?rest_route=%2Fwp%2Fv2%2Fproduct_tag&post=857"}],"curies":[{"name":"wp","href":"https:\/\/api.w.org\/{rel}","templated":true}]}}