{"id":769,"date":"2026-04-09T06:44:41","date_gmt":"2026-04-09T06:44:41","guid":{"rendered":"https:\/\/treningbarbati.ro\/?product=set-trening-barbatesc-grizzly-supradimensionat-maro-marimea-l-tres-amigos-by-emag-ro"},"modified":"2026-04-09T06:44:48","modified_gmt":"2026-04-09T06:44:48","slug":"set-trening-barbatesc-grizzly-supradimensionat-maro-marimea-l-tres-amigos-by-emag-ro","status":"publish","type":"product","link":"https:\/\/treningbarbati.ro\/?product=set-trening-barbatesc-grizzly-supradimensionat-maro-marimea-l-tres-amigos-by-emag-ro","title":{"rendered":"Set trening barbatesc Grizzly supradimensionat maro, marimea L, Tres Amigos By Emag.ro"},"content":{"rendered":"<p>html<\/p>\n<div>\n<h2>Introducere captivant\u0103<\/h2>\n<p>\u00centr-o lume \u00een care confortul \u0219i stilul sunt esen\u021biale, setul de trening b\u0103rb\u0103tesc Grizzly supradimensionat maro, marimea L, Tres Amigos se remarc\u0103 prin combina\u021bia sa unic\u0103 de func\u021bionalitate \u0219i estetic\u0103. Indiferent dac\u0103 e\u0219ti pasionat de sport sau doar \u00ee\u021bi dore\u0219ti o \u021binut\u0103 relaxat\u0103 pentru activit\u0103\u021bile zilnice, acest trening este alegerea ideal\u0103. Cu un design modern \u0219i materiale de calitate superioar\u0103, el satisface toate cerin\u021bele unui b\u0103rbat modern care nu face compromisuri c\u00e2nd vine vorba de garderoba sa.<\/p>\n<h2>Detalii produs<\/h2>\n<p>Setul de trening b\u0103rb\u0103tesc Grizzly supradimensionat maro este conceput pentru a oferi at\u00e2t confort c\u00e2t \u0219i durabilitate. Fiind realizat din poliester de \u00eenalt\u0103 calitate, acesta asigur\u0103 o rezisten\u021b\u0103 sporit\u0103 la uzur\u0103, p\u0103str\u00e2ndu-\u0219i \u00een acela\u0219i timp aspectul impecabil dup\u0103 numeroase purt\u0103ri.<\/p>\n<h3>Caracteristici generale<\/h3>\n<table class=\"table table-striped specifications-table\">\n<thead>\n<tr>\n<th colspan=\"2\">Specifica\u021bii tehnice<\/th>\n<\/tr>\n<\/thead>\n<tbody>\n<tr>\n<td class=\"col-xs-4 text-muted\">Marime<\/td>\n<td class=\"col-xs-8\">L-REG INTL<\/td>\n<\/tr>\n<\/tbody>\n<\/table>\n<h3>Caracteristici specifice<\/h3>\n<table class=\"table table-striped specifications-table\">\n<thead><\/thead>\n<p><!-- Optional --><\/p>\n<tbody>\n<tr>\n<td class=\"col-xs-4 text-muted\">Culoare<\/td>\n<p>                <\n\n<td class=\"col-xs-8\">Maro<\/td>\n<p>><br \/>\n            <\/tr>\n<p>            <\n\n<tr>><br \/>\n                <<<<<<<>>><<>>><<>>>><<<<>><<<<>>>><<<<<>>>>><<<<<>>>>>>><<<<<<<<<>>>>>>>>>>>>>>>>>>>>>>>>>>>>>>>><<<<<<<<<<<<<<<<<<<<<<<<<<<<<<<<<<>>>>>>>>>>>>>>>>>>>>>>>>>><\/div>\n<\/div>\n<\/div>\n<\/div>\n<p><\/script><\/div>\n<p>\/div\/div\/div\/pptxt-uppercase strongCaracteristicigeneraletableclass=specifications-tablespecifications-table\/tbody\/table\/ptxt-uppercase strongCaracteristici\/tableclass=specifications-tablespecifications-table\/tbody\/tr\/colmarlime\/collregintl\/tr\/\/tbody\/\/table\/ptxt-uppercase strongCaracteristici\/tableclass=specifications-tablespecifications-table\/tbody\/tr\/clculore\/collmaro\/tr\/clmaterial\/collpolieser\/tr\/\/tbody\/\/table\/TRES AMIGOS si .Sfaturi utilizare beneficii practice utilizator.Argumente v\u00e2nzare sublinieze unicitatea produsului conving cititor s\u0103-l achizi\u021bioneze.Sugestii stil recomand\u0103ri despre integrat produs \u021binute moderne activit\u0103\u021bi zilnice.Foloseste cuvinte cheie prcum  &#8220;trenings barbati&#8221; si &#8220;treningsuri barbati&#8221;.&#8212;><\/p>\n<p><a href=\"https:\/\/l.profitshare.ro\/l\/14529720?redirect=https:\/\/www.emag.ro\/set-trening-barbatesc-grizzly-supradimensionat-maro-marimea-l-tres-amigos-5905351987619\/pd\/DF4LCN3BM\/\" target=\"_blank\" rel=\"nofollow noopener sponsored\"><\/p>\n<div class=\"well js-product-review-modal-host\">\n<div class=\"row\">\n<div class=\"col-md-10 col-md-offset-1\">\n<div class=\"table-layout block-sm-layout row\">\n<div class=\"table-cell col-xs-12 col-sm-5 col-md-5\">\n<h3 class=\"strong mt-2\">Fii primul care scrie un review<\/h3>\n<p>Spune-ti parerea acordand o nota produsului<\/p>\n<\/p><\/div>\n<div class=\"table-cell hidden-xs col-sm-2 col-md-2 text-center\">\n                            <\/div>\n<div class=\"table-cell col-xs-12 col-sm-5 col-md-5\">\n<div class=\"form-group js-review-add-info\" data-url=\"?ref=review-box_add-review_icon\">\n                                    <label for=\"new-review-input\" class=\"control-label sr-only\">Rating:<\/label><\/p>\n<div class=\"star-rating star-rating-input  star-rating-lg  star-rating-input gtm_dx0pnu\">\n<div class=\"star-rating-inner gtm_dx0pnu\"><button type=\"button\" class=\"em em-star_fill gtm_dx0pnu\" data-rating=\"5\"><\/button><button type=\"button\" class=\"em em-star_fill gtm_dx0pnu\" data-rating=\"4\"><\/button><button type=\"button\" class=\"em em-star_fill gtm_dx0pnu\" data-rating=\"3\"><\/button><button type=\"button\" class=\"em em-star_fill gtm_dx0pnu\" data-rating=\"2\"><\/button><button type=\"button\" class=\"em em-star_fill gtm_dx0pnu\" data-rating=\"1\"><\/button><\/div>\n<p>        <input type=\"hidden\" name=\"new-review\" value=\"0\">\n    <\/div>\n<p>                                    <span class=\"star-rating-text star-rating-lg strong visible-xs-block visible-sm-block visible-md-block visible-lg-inline-block visible-xl-inline-block js-review-add-text\">Acorda o nota<\/span>\n                                <\/div>\n<p>                                                                <a href=\"?ref=review-box_add-review_btn\" class=\"btn btn-primary btn-lg js-product-review-modal gtm_prod_page_review_write\" data-modal-auth-redirect-url=\"?ref=review-box_add-review_btn\" data-modal-confirm-edit=\"\">Adauga un review<\/a>\n                            <\/div>\n<\/p><\/div>\n<\/p><\/div>\n<\/p><\/div>\n<\/p><\/div>\n<p><\/a><\/p>\n<p>\u00a0<\/p>\n","protected":false},"excerpt":{"rendered":"<p>Comanda acum TRES AMIGOS &#8211; Set trening barbatesc Grizzly supradimensionat maro, marimea L<br \/>\n                    Rate 0% dobanda cu MyWallet<\/p>\n","protected":false},"featured_media":770,"comment_status":"closed","ping_status":"open","template":"","meta":{"iawp_total_views":0},"product_brand":[232],"product_cat":[217,215,233],"product_tag":[],"class_list":{"0":"post-769","1":"product","2":"type-product","3":"status-publish","4":"has-post-thumbnail","6":"product_brand-tres-amigos","7":"product_cat-trening-barbati","8":"product_cat-trening-barbati-firma","9":"product_cat-trening-barbati-tres-amigos","10":"pa_magazin-emag-ro","12":"first","13":"instock","14":"product-type-external"},"_links":{"self":[{"href":"https:\/\/treningbarbati.ro\/index.php?rest_route=\/wp\/v2\/product\/769","targetHints":{"allow":["GET"]}}],"collection":[{"href":"https:\/\/treningbarbati.ro\/index.php?rest_route=\/wp\/v2\/product"}],"about":[{"href":"https:\/\/treningbarbati.ro\/index.php?rest_route=\/wp\/v2\/types\/product"}],"replies":[{"embeddable":true,"href":"https:\/\/treningbarbati.ro\/index.php?rest_route=%2Fwp%2Fv2%2Fcomments&post=769"}],"wp:featuredmedia":[{"embeddable":true,"href":"https:\/\/treningbarbati.ro\/index.php?rest_route=\/wp\/v2\/media\/770"}],"wp:attachment":[{"href":"https:\/\/treningbarbati.ro\/index.php?rest_route=%2Fwp%2Fv2%2Fmedia&parent=769"}],"wp:term":[{"taxonomy":"product_brand","embeddable":true,"href":"https:\/\/treningbarbati.ro\/index.php?rest_route=%2Fwp%2Fv2%2Fproduct_brand&post=769"},{"taxonomy":"product_cat","embeddable":true,"href":"https:\/\/treningbarbati.ro\/index.php?rest_route=%2Fwp%2Fv2%2Fproduct_cat&post=769"},{"taxonomy":"product_tag","embeddable":true,"href":"https:\/\/treningbarbati.ro\/index.php?rest_route=%2Fwp%2Fv2%2Fproduct_tag&post=769"}],"curies":[{"name":"wp","href":"https:\/\/api.w.org\/{rel}","templated":true}]}}