{"id":725,"date":"2026-04-09T06:44:17","date_gmt":"2026-04-09T06:44:17","guid":{"rendered":"https:\/\/treningbarbati.ro\/?product=adidas-sportswear-trening-cu-benzi-laterale-cu-logo-gri-alb-optic-by-emag-ro"},"modified":"2026-04-09T06:44:22","modified_gmt":"2026-04-09T06:44:22","slug":"adidas-sportswear-trening-cu-benzi-laterale-cu-logo-gri-alb-optic-by-emag-ro","status":"publish","type":"product","link":"https:\/\/treningbarbati.ro\/?product=adidas-sportswear-trening-cu-benzi-laterale-cu-logo-gri-alb-optic-by-emag-ro","title":{"rendered":"adidas Sportswear, Trening cu benzi laterale cu logo, Gri\/Alb optic By Emag.ro"},"content":{"rendered":"<p>html<\/p>\n<div>\n<h2>Introducere captivant\u0103<\/h2>\n<p>\u00centr-o lume \u00een care confortul \u0219i stilul sunt la fel de importante, alegerea unui trening potrivit poate face diferen\u021ba \u00eentre o zi obi\u0219nuit\u0103 \u0219i una memorabil\u0103. Treningul adidas Sportswear cu benzi laterale \u0219i logo, \u00een nuan\u021bele rafinate de gri \u0219i alb optic, este mai mult dec\u00e2t un simplu articol vestimentar. Este partenerul ideal pentru b\u0103rba\u021bii care doresc s\u0103 \u00eembine func\u021bionalitatea cu elegan\u021ba sportiv\u0103. Dac\u0103 e\u0219ti \u00een c\u0103utarea unei \u021binute versatile care s\u0103 \u00ee\u021bi ofere libertate de mi\u0219care f\u0103r\u0103 a compromite stilul personal, acest trening este alegerea perfect\u0103.<\/p>\n<h2>Descriere detaliat\u0103 a produsului<\/h2>\n<p class=\"pt-5 text-uppercase strong\">Caracteristici<\/p>\n<table class=\"table table-striped specifications-table\">\n<tbody>\n<tr>\n<td class=\"col-xs-4 text-muted\">Culoare<\/td>\n<td class=\"col-xs-8\">Gri\/Alb optic<\/td>\n<\/tr>\n<tr>\n<td class=\"col-xs-4 text-muted\">Imprimeu<\/td>\n<td class=\"col-xs-8\">Logo<\/td>\n<\/tr>\n<tr>\n<td class=\"col-xs-4 text-muted\">Material<\/td>\n<td class=\"col-xs-8\">Poliester<\/td>\n<\/tr>\n<tr>\n<td class=\"col-xs-4 text-muted\">Croiala<\/td>\n<td class=\"col-xs-8\">Regular fit<\/td>\n<\/tr>\n<p>      <!-- Rest of the table rows --><br \/>\n    <\/tbody>\n<\/table>\n<p>  <!-- Compozitie Table --><br \/>\n  <!-- Repeat similar structure for the composition table --><\/p>\n<p>  <!-- More descriptive paragraphs about each feature --><\/p>\n<p>  <!-- Sfaturi de utilizare --><br \/>\n  <!-- Argumente de v\u00e2nzare --><\/p>\n<p>   <!-- Sugestii de stil --><\/p>\n<p>   <!-- Conclusion or call to action if necessary --><\/p>\n<p>   <!-- Closing tags for all sections and divs as needed --><\/p>\n<p><a href=\"https:\/\/l.profitshare.ro\/l\/14529720?redirect=https:\/\/www.emag.ro\/adidas-sportswear-trening-cu-benzi-laterale-cu-logo\/fd\/3405392\/culoare-c5401,gri-alb-optic-v1012632433\/\" target=\"_blank\" rel=\"nofollow noopener sponsored\"><\/p>\n<div class=\"text-center\">\n<p class=\"review-rating-data\">4.53<\/p>\n<div class=\"mb-1\">\n<div class=\"star-rating star-rating-read rated-4.53  star-rating-ms  \">\n<div class=\"star-rating-inner \" style=\"width: 90.6%\"><\/div>\n<\/p><\/div>\n<\/div>\n<p class=\"small fw-semibold fs-12 text-muted\">\n            36 de review-uri\n        <\/p>\n<\/p><\/div>\n<div>\n<div class=\"reviews-summary-container\">\n<div class=\"reviews-summary-bars rating-5-stars\">\n                <a href=\"#\" class=\"js-rating-bar gtm_mh32718115\" data-value=\"5\"><br \/>\n                    5 stele<br \/>\n                <\/a><br \/>\n                <a href=\"#\" class=\"js-rating-bar gtm_mh32718115 hidden-md\" data-value=\"5\"><\/p>\n<div class=\"progress\">\n<div class=\"progress-bar\" role=\"progressbar\" style=\"width: 69.444444444444%\"><\/div>\n<\/p><\/div>\n<p>                <\/a><br \/>\n                <a href=\"#\" class=\"js-rating-bar gtm_mh32718115\" data-value=\"5\">(25)<\/a>\n            <\/div>\n<div class=\"reviews-summary-bars rating-4-stars\">\n                <a href=\"#\" class=\"js-rating-bar gtm_mh32718114\" data-value=\"4\"><br \/>\n                    4 stele<br \/>\n                <\/a><br \/>\n                <a href=\"#\" class=\"js-rating-bar gtm_mh32718114 hidden-md\" data-value=\"4\"><\/p>\n<div class=\"progress\">\n<div class=\"progress-bar\" role=\"progressbar\" style=\"width: 19.444444444444%\"><\/div>\n<\/p><\/div>\n<p>                <\/a><br \/>\n                <a href=\"#\" class=\"js-rating-bar gtm_mh32718114\" data-value=\"4\">(7)<\/a>\n            <\/div>\n<div class=\"reviews-summary-bars rating-3-stars\">\n                <a href=\"#\" class=\"js-rating-bar gtm_mh32718113\" data-value=\"3\"><br \/>\n                    3 stele<br \/>\n                <\/a><br \/>\n                <a href=\"#\" class=\"js-rating-bar gtm_mh32718113 hidden-md\" data-value=\"3\"><\/p>\n<div class=\"progress\">\n<div class=\"progress-bar\" role=\"progressbar\" style=\"width: 8.3333333333333%\"><\/div>\n<\/p><\/div>\n<p>                <\/a><br \/>\n                <a href=\"#\" class=\"js-rating-bar gtm_mh32718113\" data-value=\"3\">(3)<\/a>\n            <\/div>\n<div class=\"reviews-summary-bars rating-2-stars\">\n                <a href=\"#\" class=\"js-rating-bar gtm_mh32718112\" data-value=\"2\"><br \/>\n                    2 stele<br \/>\n                <\/a><br \/>\n                <a href=\"#\" class=\"js-rating-bar gtm_mh32718112 hidden-md\" data-value=\"2\"><\/p>\n<div class=\"progress\">\n<div class=\"progress-bar\" role=\"progressbar\" style=\"width: 0%\"><\/div>\n<\/p><\/div>\n<p>                <\/a><br \/>\n                <a href=\"#\" class=\"js-rating-bar gtm_mh32718112\" data-value=\"2\">(0)<\/a>\n            <\/div>\n<div class=\"reviews-summary-bars rating-1-stars\">\n                <a href=\"#\" class=\"js-rating-bar gtm_mh32718111\" data-value=\"1\"><br \/>\n                    1 stea<br \/>\n                <\/a><br \/>\n                <a href=\"#\" class=\"js-rating-bar gtm_mh32718111 hidden-md\" data-value=\"1\"><\/p>\n<div class=\"progress\">\n<div class=\"progress-bar\" role=\"progressbar\" style=\"width: 2.7777777777778%\"><\/div>\n<\/p><\/div>\n<p>                <\/a><br \/>\n                <a href=\"#\" class=\"js-rating-bar gtm_mh32718111\" data-value=\"1\">(1)<\/a>\n            <\/div>\n<\/div>\n<\/div>\n<div class=\"mobile-flex-split \"><\/div>\n<div class=\"verified-reviews js-verified-reviews\">\n<p class=\"text-center\"><i class=\"em em-verified\"><\/i><\/p>\n<p class=\"fw-semibold\">34<\/p>\n<p class=\"text-muted text-center\">Reviews cumparatori eMAG<\/p>\n<\/p><\/div>\n<div class=\"vsep\"><\/div>\n<div class=\"recommending-reviews js-recommending-reviews  \">\n<p class=\"text-center\"><i class=\"em em-vote-on\"><\/i><\/p>\n<p class=\"fw-semibold\">89%<\/p>\n<p class=\"text-muted text-center\">clienti eMAG recomanda produsul<\/p>\n<\/div>\n<div class=\"ask-review text-center text-sm-start hidden-xs hidden-sm \">\n<div class=\"reviews-own-box position-relative js-product-review-modal-host\">\n<p class=\"fs-18 fw-semibold mt-0 mb-2 xs-group text-neutral-darkest\">Detii sau ai utilizat produsul?<\/p>\n<p class=\"hidden-xs text-neutral-darker\">Spune-ti parerea acordand o nota produsului<\/p>\n<div class=\"hidden-xs pb-2 js-review-add-info\" data-url=\"\/product-feedback\/adidas-sportswear-trening-cu-benzi-laterale-cu-logo-gri-alb-optic-l-iy6649-l\/pd\/DH12KVYBM\/review\/add?ref=review-box_add-review_icon\">\n<div class=\"star-rating star-rating-input  star-rating-md  star-rating-input gtm_dx0pnu\">\n<div class=\"star-rating-inner gtm_dx0pnu\"><button type=\"button\" class=\"em em-star_fill gtm_dx0pnu\" data-rating=\"5\"><\/button><button type=\"button\" class=\"em em-star_fill gtm_dx0pnu\" data-rating=\"4\"><\/button><button type=\"button\" class=\"em em-star_fill gtm_dx0pnu\" data-rating=\"3\"><\/button><button type=\"button\" class=\"em em-star_fill gtm_dx0pnu\" data-rating=\"2\"><\/button><button type=\"button\" class=\"em em-star_fill gtm_dx0pnu\" data-rating=\"1\"><\/button><\/div>\n<p>        <input type=\"hidden\" name=\"new-review\" value=\"0\">\n    <\/div>\n<p>                    <span class=\"star-rating-text star-rating-lg strong visible-xs-block visible-sm-block visible-md-block visible-lg-inline-block visible-xl-inline-block js-review-add-text\"><\/span>\n                <\/div>\n<p>                                <a href=\"\/product-feedback\/adidas-sportswear-trening-cu-benzi-laterale-cu-logo-gri-alb-optic-l-iy6649-l\/pd\/DH12KVYBM\/review\/add?ref=review-box_add-review_btn\" class=\"btn btn-primary btn-sm button-block-xs js-product-review-modal gtm_prod_page_review_write\" data-modal-auth-redirect-url=\"\/product-feedback\/adidas-sportswear-trening-cu-benzi-laterale-cu-logo-gri-alb-optic-l-iy6649-l\/pd\/DH12KVYBM\/review\/add?ref=review-box_add-review_btn\" data-modal-confirm-edit=\"\">Adauga un review<\/a><\/div>\n<\/p><\/div>\n<p><\/a><\/p>\n<p>\u00a0<\/p>\n","protected":false},"excerpt":{"rendered":"<p>Comanda acum adidas Sportswear &#8211; Trening cu benzi laterale cu logo, Gri\/Alb optic<\/p>\n","protected":false},"featured_media":726,"comment_status":"closed","ping_status":"open","template":"","meta":{"iawp_total_views":0},"product_brand":[224],"product_cat":[217,225,215],"product_tag":[],"class_list":{"0":"post-725","1":"product","2":"type-product","3":"status-publish","4":"has-post-thumbnail","6":"product_brand-adidas-sportswear","7":"product_cat-trening-barbati","8":"product_cat-trening-barbati-adidas-sportswear","9":"product_cat-trening-barbati-firma","10":"pa_magazin-emag-ro","12":"first","13":"instock","14":"product-type-external"},"_links":{"self":[{"href":"https:\/\/treningbarbati.ro\/index.php?rest_route=\/wp\/v2\/product\/725","targetHints":{"allow":["GET"]}}],"collection":[{"href":"https:\/\/treningbarbati.ro\/index.php?rest_route=\/wp\/v2\/product"}],"about":[{"href":"https:\/\/treningbarbati.ro\/index.php?rest_route=\/wp\/v2\/types\/product"}],"replies":[{"embeddable":true,"href":"https:\/\/treningbarbati.ro\/index.php?rest_route=%2Fwp%2Fv2%2Fcomments&post=725"}],"wp:featuredmedia":[{"embeddable":true,"href":"https:\/\/treningbarbati.ro\/index.php?rest_route=\/wp\/v2\/media\/726"}],"wp:attachment":[{"href":"https:\/\/treningbarbati.ro\/index.php?rest_route=%2Fwp%2Fv2%2Fmedia&parent=725"}],"wp:term":[{"taxonomy":"product_brand","embeddable":true,"href":"https:\/\/treningbarbati.ro\/index.php?rest_route=%2Fwp%2Fv2%2Fproduct_brand&post=725"},{"taxonomy":"product_cat","embeddable":true,"href":"https:\/\/treningbarbati.ro\/index.php?rest_route=%2Fwp%2Fv2%2Fproduct_cat&post=725"},{"taxonomy":"product_tag","embeddable":true,"href":"https:\/\/treningbarbati.ro\/index.php?rest_route=%2Fwp%2Fv2%2Fproduct_tag&post=725"}],"curies":[{"name":"wp","href":"https:\/\/api.w.org\/{rel}","templated":true}]}}