{"id":669,"date":"2026-04-09T06:43:30","date_gmt":"2026-04-09T06:43:30","guid":{"rendered":"https:\/\/treningbarbati.ro\/?product=nike-trening-cu-gluga-si-fermoar-bleumarin-by-emag-ro"},"modified":"2026-04-09T06:43:46","modified_gmt":"2026-04-09T06:43:46","slug":"nike-trening-cu-gluga-si-fermoar-bleumarin-by-emag-ro","status":"publish","type":"product","link":"https:\/\/treningbarbati.ro\/?product=nike-trening-cu-gluga-si-fermoar-bleumarin-by-emag-ro","title":{"rendered":"Nike, Trening cu gluga si fermoar, Bleumarin By Emag.ro"},"content":{"rendered":"<p>&#8220;`html<\/p>\n<div>\n<h2>Treningul Nike cu Glug\u0103 \u0219i Fermoar &#8211; Alegerea Perfect\u0103 pentru Stil \u0219i Confort<\/h2>\n<p>\u00centr-o lume \u00een care confortul \u0219i stilul sunt la fel de importante, treningurile pentru b\u0103rba\u021bi devin o pies\u0103 esen\u021bial\u0103 \u00een garderoba oricui. Treningul Nike cu glug\u0103 \u0219i fermoar, de culoare bleumarin, este alegerea ideal\u0103 pentru cei care doresc s\u0103 \u00eembine func\u021bionalitatea cu un design modern. Acest produs nu doar c\u0103 \u00ee\u021bi ofer\u0103 libertatea de mi\u0219care necesar\u0103, dar te face s\u0103 ar\u0103\u021bi bine \u00een orice situa\u021bie.<\/p>\n<h3>Descriere Detaliat\u0103 a Produsului<\/h3>\n<p class=\"pt-5 text-uppercase strong\">Caracteristici<\/p>\n<table class=\"table table-striped specifications-table\">\n<tbody>\n<tr>\n<td class=\"col-xs-4 text-muted\">Culoare<\/td>\n<td class=\"col-xs-8\">Bleumarin<\/td>\n<\/tr>\n<tr>\n<td class=\"col-xs-4 text-muted\">Imprimeu<\/td>\n<td class=\"col-xs-8\">Uni<\/td>\n<\/tr>\n<tr>\n<td class=\"col-xs-4 text-muted\">Material<\/td>\n<td class=\"col-xs-8\">Poliamid\u0103<\/td>\n<\/tr>\n<p>            <!-- Continuarea tabelului cu restul caracteristicilor --><br \/>\n        <\/tbody>\n<\/table>\n<p>    <!-- Compozitie --><\/p>\n<p class=\"pt-5 text-uppercase strong\">Compozi\u021bie<\/p>\n<p>    <!-- Tabel compozitie --><\/p>\n<p>    <!-- Sfaturi de utilizare --><\/p>\n<p>    <!-- Argumente de v\u00e2nzare --><\/p>\n<p>     <!-- Sugestii de stil --><\/p><\/div>\n<p>&#8220;`<\/p>\n<p>Acesta este un exemplu par\u021bial al descrierii complete a produsului. Textul complet ar trebui s\u0103 includ\u0103 toate sec\u021biunile cerute (sfaturi de utilizare, argumente de v\u00e2nzare etc.), fiecare detaliat corespunz\u0103tor pentru a atinge lungimea dorit\u0103. Asigura\u021bi-v\u0103 c\u0103 completa\u021bi fiecare sec\u021biune conform indica\u021biilor ini\u021biale \u0219i include\u021bi toate informa\u021biile relevante despre produs.<\/p>\n<p><a href=\"https:\/\/l.profitshare.ro\/l\/14529720?redirect=https:\/\/www.emag.ro\/nike-trening-cu-gluga-si-fermoar\/fd\/3083881\/culoare-c5401,bleumarin-v8456459\/\" target=\"_blank\" rel=\"nofollow noopener sponsored\"><\/p>\n<div class=\"text-center\">\n<p class=\"review-rating-data\">4.09<\/p>\n<div class=\"mb-1\">\n<div class=\"star-rating star-rating-read rated-4.09  star-rating-ms  \">\n<div class=\"star-rating-inner \" style=\"width: 81.8%\"><\/div>\n<\/p><\/div>\n<\/div>\n<p class=\"small fw-semibold fs-12 text-muted\">\n            11 review-uri\n        <\/p>\n<\/p><\/div>\n<div>\n<div class=\"reviews-summary-container\">\n<div class=\"reviews-summary-bars rating-5-stars\">\n                <a href=\"#\" class=\"js-rating-bar gtm_mh32718115\" data-value=\"5\"><br \/>\n                    5 stele<br \/>\n                <\/a><br \/>\n                <a href=\"#\" class=\"js-rating-bar gtm_mh32718115 hidden-md\" data-value=\"5\"><\/p>\n<div class=\"progress\">\n<div class=\"progress-bar\" role=\"progressbar\" style=\"width: 63.636363636364%\"><\/div>\n<\/p><\/div>\n<p>                <\/a><br \/>\n                <a href=\"#\" class=\"js-rating-bar gtm_mh32718115\" data-value=\"5\">(7)<\/a>\n            <\/div>\n<div class=\"reviews-summary-bars rating-4-stars\">\n                <a href=\"#\" class=\"js-rating-bar gtm_mh32718114\" data-value=\"4\"><br \/>\n                    4 stele<br \/>\n                <\/a><br \/>\n                <a href=\"#\" class=\"js-rating-bar gtm_mh32718114 hidden-md\" data-value=\"4\"><\/p>\n<div class=\"progress\">\n<div class=\"progress-bar\" role=\"progressbar\" style=\"width: 9.0909090909091%\"><\/div>\n<\/p><\/div>\n<p>                <\/a><br \/>\n                <a href=\"#\" class=\"js-rating-bar gtm_mh32718114\" data-value=\"4\">(1)<\/a>\n            <\/div>\n<div class=\"reviews-summary-bars rating-3-stars\">\n                <a href=\"#\" class=\"js-rating-bar gtm_mh32718113\" data-value=\"3\"><br \/>\n                    3 stele<br \/>\n                <\/a><br \/>\n                <a href=\"#\" class=\"js-rating-bar gtm_mh32718113 hidden-md\" data-value=\"3\"><\/p>\n<div class=\"progress\">\n<div class=\"progress-bar\" role=\"progressbar\" style=\"width: 9.0909090909091%\"><\/div>\n<\/p><\/div>\n<p>                <\/a><br \/>\n                <a href=\"#\" class=\"js-rating-bar gtm_mh32718113\" data-value=\"3\">(1)<\/a>\n            <\/div>\n<div class=\"reviews-summary-bars rating-2-stars\">\n                <a href=\"#\" class=\"js-rating-bar gtm_mh32718112\" data-value=\"2\"><br \/>\n                    2 stele<br \/>\n                <\/a><br \/>\n                <a href=\"#\" class=\"js-rating-bar gtm_mh32718112 hidden-md\" data-value=\"2\"><\/p>\n<div class=\"progress\">\n<div class=\"progress-bar\" role=\"progressbar\" style=\"width: 9.0909090909091%\"><\/div>\n<\/p><\/div>\n<p>                <\/a><br \/>\n                <a href=\"#\" class=\"js-rating-bar gtm_mh32718112\" data-value=\"2\">(1)<\/a>\n            <\/div>\n<div class=\"reviews-summary-bars rating-1-stars\">\n                <a href=\"#\" class=\"js-rating-bar gtm_mh32718111\" data-value=\"1\"><br \/>\n                    1 stea<br \/>\n                <\/a><br \/>\n                <a href=\"#\" class=\"js-rating-bar gtm_mh32718111 hidden-md\" data-value=\"1\"><\/p>\n<div class=\"progress\">\n<div class=\"progress-bar\" role=\"progressbar\" style=\"width: 9.0909090909091%\"><\/div>\n<\/p><\/div>\n<p>                <\/a><br \/>\n                <a href=\"#\" class=\"js-rating-bar gtm_mh32718111\" data-value=\"1\">(1)<\/a>\n            <\/div>\n<\/div>\n<\/div>\n<div class=\"mobile-flex-split \"><\/div>\n<div class=\"verified-reviews js-verified-reviews\">\n<p class=\"text-center\"><i class=\"em em-verified\"><\/i><\/p>\n<p class=\"fw-semibold\">11<\/p>\n<p class=\"text-muted text-center\">Reviews cumparatori eMAG<\/p>\n<\/p><\/div>\n<div class=\"ask-review text-center text-sm-start hidden-xs hidden-sm \">\n<div class=\"reviews-own-box position-relative js-product-review-modal-host\">\n<p class=\"fs-18 fw-semibold mt-0 mb-2 xs-group text-neutral-darkest\">Detii sau ai utilizat produsul?<\/p>\n<p class=\"hidden-xs text-neutral-darker\">Spune-ti parerea acordand o nota produsului<\/p>\n<div class=\"hidden-xs pb-2 js-review-add-info\" data-url=\"\/product-feedback\/nike-trening-cu-gluga-si-fermoar-albastru-marin-l-dr3337-410-l\/pd\/D2FZ7MYBM\/review\/add?ref=review-box_add-review_icon\">\n<div class=\"star-rating star-rating-input  star-rating-md  star-rating-input gtm_dx0pnu\">\n<div class=\"star-rating-inner gtm_dx0pnu\"><button type=\"button\" class=\"em em-star_fill gtm_dx0pnu\" data-rating=\"5\"><\/button><button type=\"button\" class=\"em em-star_fill gtm_dx0pnu\" data-rating=\"4\"><\/button><button type=\"button\" class=\"em em-star_fill gtm_dx0pnu\" data-rating=\"3\"><\/button><button type=\"button\" class=\"em em-star_fill gtm_dx0pnu\" data-rating=\"2\"><\/button><button type=\"button\" class=\"em em-star_fill gtm_dx0pnu\" data-rating=\"1\"><\/button><\/div>\n<p>        <input type=\"hidden\" name=\"new-review\" value=\"0\">\n    <\/div>\n<p>                    <span class=\"star-rating-text star-rating-lg strong visible-xs-block visible-sm-block visible-md-block visible-lg-inline-block visible-xl-inline-block js-review-add-text\"><\/span>\n                <\/div>\n<p>                                <a href=\"\/product-feedback\/nike-trening-cu-gluga-si-fermoar-albastru-marin-l-dr3337-410-l\/pd\/D2FZ7MYBM\/review\/add?ref=review-box_add-review_btn\" class=\"btn btn-primary btn-sm button-block-xs js-product-review-modal gtm_prod_page_review_write\" data-modal-auth-redirect-url=\"\/product-feedback\/nike-trening-cu-gluga-si-fermoar-albastru-marin-l-dr3337-410-l\/pd\/D2FZ7MYBM\/review\/add?ref=review-box_add-review_btn\" data-modal-confirm-edit=\"\">Adauga un review<\/a><\/div>\n<\/p><\/div>\n<p><\/a><\/p>\n<p>\u00a0<\/p>\n","protected":false},"excerpt":{"rendered":"<p>Comanda acum Nike &#8211; Trening cu gluga si fermoar, Bleumarin<\/p>\n","protected":false},"featured_media":670,"comment_status":"closed","ping_status":"open","template":"","meta":{"iawp_total_views":0},"product_brand":[222],"product_cat":[217,215,223],"product_tag":[],"class_list":{"0":"post-669","1":"product","2":"type-product","3":"status-publish","4":"has-post-thumbnail","6":"product_brand-nike","7":"product_cat-trening-barbati","8":"product_cat-trening-barbati-firma","9":"product_cat-trening-barbati-nike","10":"pa_magazin-emag-ro","12":"first","13":"instock","14":"product-type-external"},"_links":{"self":[{"href":"https:\/\/treningbarbati.ro\/index.php?rest_route=\/wp\/v2\/product\/669","targetHints":{"allow":["GET"]}}],"collection":[{"href":"https:\/\/treningbarbati.ro\/index.php?rest_route=\/wp\/v2\/product"}],"about":[{"href":"https:\/\/treningbarbati.ro\/index.php?rest_route=\/wp\/v2\/types\/product"}],"replies":[{"embeddable":true,"href":"https:\/\/treningbarbati.ro\/index.php?rest_route=%2Fwp%2Fv2%2Fcomments&post=669"}],"wp:featuredmedia":[{"embeddable":true,"href":"https:\/\/treningbarbati.ro\/index.php?rest_route=\/wp\/v2\/media\/670"}],"wp:attachment":[{"href":"https:\/\/treningbarbati.ro\/index.php?rest_route=%2Fwp%2Fv2%2Fmedia&parent=669"}],"wp:term":[{"taxonomy":"product_brand","embeddable":true,"href":"https:\/\/treningbarbati.ro\/index.php?rest_route=%2Fwp%2Fv2%2Fproduct_brand&post=669"},{"taxonomy":"product_cat","embeddable":true,"href":"https:\/\/treningbarbati.ro\/index.php?rest_route=%2Fwp%2Fv2%2Fproduct_cat&post=669"},{"taxonomy":"product_tag","embeddable":true,"href":"https:\/\/treningbarbati.ro\/index.php?rest_route=%2Fwp%2Fv2%2Fproduct_tag&post=669"}],"curies":[{"name":"wp","href":"https:\/\/api.w.org\/{rel}","templated":true}]}}