{"id":663,"date":"2026-04-09T06:43:30","date_gmt":"2026-04-09T06:43:30","guid":{"rendered":"https:\/\/treningbarbati.ro\/?product=jack-jones-trening-uni-cu-snur-negru-by-emag-ro"},"modified":"2026-04-09T06:43:43","modified_gmt":"2026-04-09T06:43:43","slug":"jack-jones-trening-uni-cu-snur-negru-by-emag-ro","status":"publish","type":"product","link":"https:\/\/treningbarbati.ro\/?product=jack-jones-trening-uni-cu-snur-negru-by-emag-ro","title":{"rendered":"Jack &#038; Jones, Trening uni cu snur, Negru By Emag.ro"},"content":{"rendered":"<p>&#8220;`html<\/p>\n<div>\n<h2>Descoper\u0103 Treningul Jack &#038; Jones: Stil \u0219i Confort \u00centr-un Singur Produs<\/h2>\n<p>\u00centr-o lume \u00een care stilul \u0219i confortul sunt esen\u021biale, treningurile pentru b\u0103rba\u021bi de la Jack &#038; Jones se remarc\u0103 prin calitate \u0219i design inovator. Acest trening uni cu \u0219nur, de culoare neagr\u0103, este alegerea ideal\u0103 pentru b\u0103rba\u021bii care doresc s\u0103 \u00eembine elegan\u021ba cu func\u021bionalitatea. Fie c\u0103 e\u0219ti pasionat de mod\u0103 sau pur \u0219i simplu cau\u021bi un produs versatil pentru garderoba ta, acest trening este r\u0103spunsul la nevoile tale.<\/p>\n<h3>Descriere Detaliat\u0103 a Produsului<\/h3>\n<p class=\"pt-5 text-uppercase strong\">Caracteristici<\/p>\n<table class=\"table table-striped specifications-table\">\n<tbody>\n<tr>\n<td class=\"col-xs-4 text-muted\">Culoare<\/td>\n<td class=\"col-xs-8\">Negru<\/td>\n<\/tr>\n<tr>\n<td class=\"col-xs-4 text-muted\">Imprimeu<\/td>\n<td class=\"col-xs-8\">Uni<\/td>\n<\/tr>\n<tr>\n<td class=\"col-xs-4 text-muted\">Material<\/td>\n<td class=\"col-xs-8\">Sintetic, Bumbac<\/td>\n<\/tr>\n<tr>\n<td class=\"col-xs-4 text-muted\">Croiala<\/td>\n<td class=\"col-xs-8\">Regular fit<\/td>\n<\/tr>\n<p>      <!-- Additional rows omitted for brevity --><br \/>\n    <\/tbody>\n<\/table>\n<p>  <!-- Composition table --><br \/>\n  <!-- Table omitted for brevity --><\/p>\n<p>  <!-- Usage tips and benefits --><\/p>\n<p>  <!-- Selling points --><\/p>\n<p>  <!-- Styling suggestions --><\/p>\n<p><!-- Closing div tag --><br \/>\n&#8220;`<\/p>\n<p>*Note: Din cauza limit\u0103rii spa\u021biului, am omis unele sec\u021biuni ale tabelelor \u0219i descrierilor detaliate. Asigura-te c\u0103 toate sec\u021biunile sunt completate \u00een versiunea final\u0103.*<\/p>\n<p><a href=\"https:\/\/l.profitshare.ro\/l\/14529720?redirect=https:\/\/www.emag.ro\/jack-jones-trening-uni-cu-snur\/fd\/3760069\/culoare-c5401,negru-v8317693\/\" target=\"_blank\" rel=\"nofollow noopener sponsored\"><\/p>\n<div class=\"well js-product-review-modal-host\">\n<div class=\"row\">\n<div class=\"col-md-10 col-md-offset-1\">\n<div class=\"table-layout block-sm-layout row\">\n<div class=\"table-cell col-xs-12 col-sm-5 col-md-5\">\n<h3 class=\"strong mt-2\">Fii primul care scrie un review<\/h3>\n<p>Spune-ti parerea acordand o nota produsului<\/p>\n<\/p><\/div>\n<div class=\"table-cell hidden-xs col-sm-2 col-md-2 text-center\">\n                            <\/div>\n<div class=\"table-cell col-xs-12 col-sm-5 col-md-5\">\n<div class=\"form-group js-review-add-info\" data-url=\"?ref=review-box_add-review_icon\">\n                                    <label for=\"new-review-input\" class=\"control-label sr-only\">Rating:<\/label><\/p>\n<div class=\"star-rating star-rating-input  star-rating-lg  star-rating-input gtm_dx0pnu\">\n<div class=\"star-rating-inner gtm_dx0pnu\"><button type=\"button\" class=\"em em-star_fill gtm_dx0pnu\" data-rating=\"5\"><\/button><button type=\"button\" class=\"em em-star_fill gtm_dx0pnu\" data-rating=\"4\"><\/button><button type=\"button\" class=\"em em-star_fill gtm_dx0pnu\" data-rating=\"3\"><\/button><button type=\"button\" class=\"em em-star_fill gtm_dx0pnu\" data-rating=\"2\"><\/button><button type=\"button\" class=\"em em-star_fill gtm_dx0pnu\" data-rating=\"1\"><\/button><\/div>\n<p>        <input type=\"hidden\" name=\"new-review\" value=\"0\">\n    <\/div>\n<p>                                    <span class=\"star-rating-text star-rating-lg strong visible-xs-block visible-sm-block visible-md-block visible-lg-inline-block visible-xl-inline-block js-review-add-text\">Acorda o nota<\/span>\n                                <\/div>\n<p>                                                                <a href=\"?ref=review-box_add-review_btn\" class=\"btn btn-primary btn-lg js-product-review-modal gtm_prod_page_review_write\" data-modal-auth-redirect-url=\"?ref=review-box_add-review_btn\" data-modal-confirm-edit=\"\">Adauga un review<\/a>\n                            <\/div>\n<\/p><\/div>\n<\/p><\/div>\n<\/p><\/div>\n<\/p><\/div>\n<p><\/a><\/p>\n<p>\u00a0<\/p>\n","protected":false},"excerpt":{"rendered":"<p>Comanda acum Jack &#038; Jones &#8211; Trening uni cu snur, Negru<\/p>\n","protected":false},"featured_media":664,"comment_status":"closed","ping_status":"open","template":"","meta":{"iawp_total_views":0},"product_brand":[214],"product_cat":[217,215,216],"product_tag":[],"class_list":{"0":"post-663","1":"product","2":"type-product","3":"status-publish","4":"has-post-thumbnail","6":"product_brand-jack-jones","7":"product_cat-trening-barbati","8":"product_cat-trening-barbati-firma","9":"product_cat-trening-barbati-jack-jones","10":"pa_magazin-emag-ro","12":"first","13":"instock","14":"product-type-external"},"_links":{"self":[{"href":"https:\/\/treningbarbati.ro\/index.php?rest_route=\/wp\/v2\/product\/663","targetHints":{"allow":["GET"]}}],"collection":[{"href":"https:\/\/treningbarbati.ro\/index.php?rest_route=\/wp\/v2\/product"}],"about":[{"href":"https:\/\/treningbarbati.ro\/index.php?rest_route=\/wp\/v2\/types\/product"}],"replies":[{"embeddable":true,"href":"https:\/\/treningbarbati.ro\/index.php?rest_route=%2Fwp%2Fv2%2Fcomments&post=663"}],"wp:featuredmedia":[{"embeddable":true,"href":"https:\/\/treningbarbati.ro\/index.php?rest_route=\/wp\/v2\/media\/664"}],"wp:attachment":[{"href":"https:\/\/treningbarbati.ro\/index.php?rest_route=%2Fwp%2Fv2%2Fmedia&parent=663"}],"wp:term":[{"taxonomy":"product_brand","embeddable":true,"href":"https:\/\/treningbarbati.ro\/index.php?rest_route=%2Fwp%2Fv2%2Fproduct_brand&post=663"},{"taxonomy":"product_cat","embeddable":true,"href":"https:\/\/treningbarbati.ro\/index.php?rest_route=%2Fwp%2Fv2%2Fproduct_cat&post=663"},{"taxonomy":"product_tag","embeddable":true,"href":"https:\/\/treningbarbati.ro\/index.php?rest_route=%2Fwp%2Fv2%2Fproduct_tag&post=663"}],"curies":[{"name":"wp","href":"https:\/\/api.w.org\/{rel}","templated":true}]}}