{"id":657,"date":"2026-04-09T06:43:30","date_gmt":"2026-04-09T06:43:30","guid":{"rendered":"https:\/\/treningbarbati.ro\/?product=puma-trening-cu-logo-bleumarin-by-emag-ro"},"modified":"2026-04-09T06:43:41","modified_gmt":"2026-04-09T06:43:41","slug":"puma-trening-cu-logo-bleumarin-by-emag-ro","status":"publish","type":"product","link":"https:\/\/treningbarbati.ro\/?product=puma-trening-cu-logo-bleumarin-by-emag-ro","title":{"rendered":"Puma, Trening cu logo, Bleumarin By Emag.ro"},"content":{"rendered":"<p>&#8220;`html<\/p>\n<div>\n<h2>Treningul Puma cu Logo: Stil \u0219i Confort \u00eentr-un Singur Produs<\/h2>\n<p>\u00centr-o lume \u00een care stilul \u0219i confortul sunt esen\u021biale, treningurile pentru b\u0103rba\u021bi au devenit o pies\u0103 de baz\u0103 \u00een garderoba oricui. Treningul Puma cu logo, de culoare bleumarin, nu este doar un simplu articol vestimentar; este o declara\u021bie de stil \u0219i func\u021bionalitate. Fie c\u0103 e\u0219ti pasionat de sport sau \u00ee\u021bi dore\u0219ti un look casual modern, acest trening se potrive\u0219te perfect nevoilor tale.<\/p>\n<h3>Descriere Detaliat\u0103 a Produsului<\/h3>\n<p>Treningul Puma cu logo \u00eembin\u0103 elegan\u021ba discret\u0103 a culorii bleumarin cu func\u021bionalitatea materialelor alese. Iat\u0103 caracteristicile detaliate ale acestui produs excep\u021bional:<\/p>\n<table>\n<thead>\n<tr>\n<th colspan=\"2\">Caracteristici<\/th>\n<\/tr>\n<\/thead>\n<tbody>\n<tr>\n<td>Culoare<\/td>\n<td>Bleumarin<\/td>\n<\/tr>\n<tr>\n<td>Imprimeu<\/td>\n<td>Uni, Logo<\/td>\n<\/tr>\n<tr>\n<td>Material<\/td>\n<td>Poliester, Bumbac<\/td>\n<\/tr>\n<p>            <!-- More rows as needed --><br \/>\n        <\/tbody>\n<p>        <!-- Another table for composition --><br \/>\n        <!-- ... --><\/p>\n<\/table>\n<p>    <!-- Continue with more content --><\/p>\n<p>    <!-- Example of usage tips section --><br \/>\n    <!-- ... --><\/p>\n<p>    <!-- Example of selling points section --><br \/>\n    <!-- ... --><\/p>\n<p>    <!-- Example of style suggestions section --><\/p>\n<\/div>\n<p>&#8220;`<\/p>\n<p>Note: The text provided above is a template for structuring the HTML content based on your requirements and instructions. It offers an organized format but does not contain full descriptive content due to the character limitations here. You can expand upon each section with detailed descriptions using the specified structure and guidelines in your request.<\/p>\n<p><a href=\"https:\/\/l.profitshare.ro\/l\/14529720?redirect=https:\/\/www.emag.ro\/puma-trening-cu-logo\/fd\/4142916\/culoare-c5401,bleumarin-v8456459\/\" target=\"_blank\" rel=\"nofollow noopener sponsored\"><\/p>\n<div class=\"text-center\">\n<p class=\"review-rating-data\">4.25<\/p>\n<div class=\"mb-1\">\n<div class=\"star-rating star-rating-read rated-4.25  star-rating-ms  \">\n<div class=\"star-rating-inner \" style=\"width: 85%\"><\/div>\n<\/p><\/div>\n<\/div>\n<p class=\"small fw-semibold fs-12 text-muted\">\n            4 review-uri\n        <\/p>\n<\/p><\/div>\n<div>\n<div class=\"reviews-summary-container\">\n<div class=\"reviews-summary-bars rating-5-stars\">\n                <a href=\"#\" class=\"js-rating-bar gtm_mh32718115\" data-value=\"5\"><br \/>\n                    5 stele<br \/>\n                <\/a><br \/>\n                <a href=\"#\" class=\"js-rating-bar gtm_mh32718115 hidden-md\" data-value=\"5\"><\/p>\n<div class=\"progress\">\n<div class=\"progress-bar\" role=\"progressbar\" style=\"width: 50%\"><\/div>\n<\/p><\/div>\n<p>                <\/a><br \/>\n                <a href=\"#\" class=\"js-rating-bar gtm_mh32718115\" data-value=\"5\">(2)<\/a>\n            <\/div>\n<div class=\"reviews-summary-bars rating-4-stars\">\n                <a href=\"#\" class=\"js-rating-bar gtm_mh32718114\" data-value=\"4\"><br \/>\n                    4 stele<br \/>\n                <\/a><br \/>\n                <a href=\"#\" class=\"js-rating-bar gtm_mh32718114 hidden-md\" data-value=\"4\"><\/p>\n<div class=\"progress\">\n<div class=\"progress-bar\" role=\"progressbar\" style=\"width: 25%\"><\/div>\n<\/p><\/div>\n<p>                <\/a><br \/>\n                <a href=\"#\" class=\"js-rating-bar gtm_mh32718114\" data-value=\"4\">(1)<\/a>\n            <\/div>\n<div class=\"reviews-summary-bars rating-3-stars\">\n                <a href=\"#\" class=\"js-rating-bar gtm_mh32718113\" data-value=\"3\"><br \/>\n                    3 stele<br \/>\n                <\/a><br \/>\n                <a href=\"#\" class=\"js-rating-bar gtm_mh32718113 hidden-md\" data-value=\"3\"><\/p>\n<div class=\"progress\">\n<div class=\"progress-bar\" role=\"progressbar\" style=\"width: 25%\"><\/div>\n<\/p><\/div>\n<p>                <\/a><br \/>\n                <a href=\"#\" class=\"js-rating-bar gtm_mh32718113\" data-value=\"3\">(1)<\/a>\n            <\/div>\n<div class=\"reviews-summary-bars rating-2-stars\">\n                <a href=\"#\" class=\"js-rating-bar gtm_mh32718112\" data-value=\"2\"><br \/>\n                    2 stele<br \/>\n                <\/a><br \/>\n                <a href=\"#\" class=\"js-rating-bar gtm_mh32718112 hidden-md\" data-value=\"2\"><\/p>\n<div class=\"progress\">\n<div class=\"progress-bar\" role=\"progressbar\" style=\"width: 0%\"><\/div>\n<\/p><\/div>\n<p>                <\/a><br \/>\n                <a href=\"#\" class=\"js-rating-bar gtm_mh32718112\" data-value=\"2\">(0)<\/a>\n            <\/div>\n<div class=\"reviews-summary-bars rating-1-stars\">\n                <a href=\"#\" class=\"js-rating-bar gtm_mh32718111\" data-value=\"1\"><br \/>\n                    1 stea<br \/>\n                <\/a><br \/>\n                <a href=\"#\" class=\"js-rating-bar gtm_mh32718111 hidden-md\" data-value=\"1\"><\/p>\n<div class=\"progress\">\n<div class=\"progress-bar\" role=\"progressbar\" style=\"width: 0%\"><\/div>\n<\/p><\/div>\n<p>                <\/a><br \/>\n                <a href=\"#\" class=\"js-rating-bar gtm_mh32718111\" data-value=\"1\">(0)<\/a>\n            <\/div>\n<\/div>\n<\/div>\n<div class=\"mobile-flex-split \"><\/div>\n<div class=\"verified-reviews js-verified-reviews\">\n<p class=\"text-center\"><i class=\"em em-verified\"><\/i><\/p>\n<p class=\"fw-semibold\">3<\/p>\n<p class=\"text-muted text-center\">Reviews cumparatori eMAG<\/p>\n<\/p><\/div>\n<div class=\"ask-review text-center text-sm-start hidden-xs hidden-sm \">\n<div class=\"reviews-own-box position-relative js-product-review-modal-host\">\n<p class=\"fs-18 fw-semibold mt-0 mb-2 xs-group text-neutral-darkest\">Detii sau ai utilizat produsul?<\/p>\n<p class=\"hidden-xs text-neutral-darker\">Spune-ti parerea acordand o nota produsului<\/p>\n<div class=\"hidden-xs pb-2 js-review-add-info\" data-url=\"\/product-feedback\/puma-trening-cu-logo-bleumarin-s-678889-14-s\/pd\/DSWBLKYBM\/review\/add?ref=review-box_add-review_icon\">\n<div class=\"star-rating star-rating-input  star-rating-md  star-rating-input gtm_dx0pnu\">\n<div class=\"star-rating-inner gtm_dx0pnu\"><button type=\"button\" class=\"em em-star_fill gtm_dx0pnu\" data-rating=\"5\"><\/button><button type=\"button\" class=\"em em-star_fill gtm_dx0pnu\" data-rating=\"4\"><\/button><button type=\"button\" class=\"em em-star_fill gtm_dx0pnu\" data-rating=\"3\"><\/button><button type=\"button\" class=\"em em-star_fill gtm_dx0pnu\" data-rating=\"2\"><\/button><button type=\"button\" class=\"em em-star_fill gtm_dx0pnu\" data-rating=\"1\"><\/button><\/div>\n<p>        <input type=\"hidden\" name=\"new-review\" value=\"0\">\n    <\/div>\n<p>                    <span class=\"star-rating-text star-rating-lg strong visible-xs-block visible-sm-block visible-md-block visible-lg-inline-block visible-xl-inline-block js-review-add-text\"><\/span>\n                <\/div>\n<p>                                <a href=\"\/product-feedback\/puma-trening-cu-logo-bleumarin-s-678889-14-s\/pd\/DSWBLKYBM\/review\/add?ref=review-box_add-review_btn\" class=\"btn btn-primary btn-sm button-block-xs js-product-review-modal gtm_prod_page_review_write\" data-modal-auth-redirect-url=\"\/product-feedback\/puma-trening-cu-logo-bleumarin-s-678889-14-s\/pd\/DSWBLKYBM\/review\/add?ref=review-box_add-review_btn\" data-modal-confirm-edit=\"\">Adauga un review<\/a><\/div>\n<\/p><\/div>\n<p><\/a><\/p>\n<p>\u00a0<\/p>\n","protected":false},"excerpt":{"rendered":"<p>Comanda acum Puma &#8211; Trening cu logo, Bleumarin<\/p>\n","protected":false},"featured_media":658,"comment_status":"closed","ping_status":"open","template":"","meta":{"iawp_total_views":0},"product_brand":[59],"product_cat":[217,215,60],"product_tag":[],"class_list":{"0":"post-657","1":"product","2":"type-product","3":"status-publish","4":"has-post-thumbnail","6":"product_brand-puma","7":"product_cat-trening-barbati","8":"product_cat-trening-barbati-firma","9":"product_cat-trening-barbati-puma","10":"pa_magazin-emag-ro","12":"first","13":"instock","14":"product-type-external"},"_links":{"self":[{"href":"https:\/\/treningbarbati.ro\/index.php?rest_route=\/wp\/v2\/product\/657","targetHints":{"allow":["GET"]}}],"collection":[{"href":"https:\/\/treningbarbati.ro\/index.php?rest_route=\/wp\/v2\/product"}],"about":[{"href":"https:\/\/treningbarbati.ro\/index.php?rest_route=\/wp\/v2\/types\/product"}],"replies":[{"embeddable":true,"href":"https:\/\/treningbarbati.ro\/index.php?rest_route=%2Fwp%2Fv2%2Fcomments&post=657"}],"wp:featuredmedia":[{"embeddable":true,"href":"https:\/\/treningbarbati.ro\/index.php?rest_route=\/wp\/v2\/media\/658"}],"wp:attachment":[{"href":"https:\/\/treningbarbati.ro\/index.php?rest_route=%2Fwp%2Fv2%2Fmedia&parent=657"}],"wp:term":[{"taxonomy":"product_brand","embeddable":true,"href":"https:\/\/treningbarbati.ro\/index.php?rest_route=%2Fwp%2Fv2%2Fproduct_brand&post=657"},{"taxonomy":"product_cat","embeddable":true,"href":"https:\/\/treningbarbati.ro\/index.php?rest_route=%2Fwp%2Fv2%2Fproduct_cat&post=657"},{"taxonomy":"product_tag","embeddable":true,"href":"https:\/\/treningbarbati.ro\/index.php?rest_route=%2Fwp%2Fv2%2Fproduct_tag&post=657"}],"curies":[{"name":"wp","href":"https:\/\/api.w.org\/{rel}","templated":true}]}}