{"id":655,"date":"2026-04-09T06:43:30","date_gmt":"2026-04-09T06:43:30","guid":{"rendered":"https:\/\/treningbarbati.ro\/?product=emporio-armani-trening-cu-logo-interlock-bleumarin-by-emag-ro"},"modified":"2026-04-09T06:43:40","modified_gmt":"2026-04-09T06:43:40","slug":"emporio-armani-trening-cu-logo-interlock-bleumarin-by-emag-ro","status":"publish","type":"product","link":"https:\/\/treningbarbati.ro\/?product=emporio-armani-trening-cu-logo-interlock-bleumarin-by-emag-ro","title":{"rendered":"Emporio Armani, Trening cu logo Interlock, Bleumarin By Emag.ro"},"content":{"rendered":"<p>html<\/p>\n<div>\n<h2>Emporio Armani Trening cu Logo Interlock: Elegan\u021b\u0103 \u0219i Confort \u00een Bleumarin<\/h2>\n<p>\u00centr-o lume \u00een care stilul personal vorbe\u0219te mai tare dec\u00e2t cuvintele, alegerea unui trening de calitate poate face diferen\u021ba. Emporio Armani, un nume sinonim cu rafinamentul \u0219i elegan\u021ba italian\u0103, v\u0103 prezint\u0103 Treningul cu Logo Interlock \u00een nuan\u021ba sofisticat\u0103 de bleumarin. Acest articol vestimentar nu este doar o pies\u0103 de \u00eembr\u0103c\u0103minte; este o declara\u021bie a bunului gust \u0219i a aten\u021biei la detalii.<\/p>\n<h3>Descriere Detaliat\u0103 a Produsului<\/h3>\n<p>Treningul Emporio Armani se remarc\u0103 prin designul s\u0103u modern \u0219i materialele premium utilizate. Conceput pentru b\u0103rba\u021bii care apreciaz\u0103 at\u00e2t confortul c\u00e2t \u0219i stilul, acest trening barbati ofer\u0103 o experien\u021b\u0103 vestimentar\u0103 superioar\u0103.<\/p>\n<table>\n<thead>\n<tr>\n<th colspan=\"2\">Caracteristici<\/th>\n<\/tr>\n<\/thead>\n<tbody>\n<tr>\n<td>Culoare<\/td>\n<td>Bleumarin<\/td>\n<\/tr>\n<tr>\n<td>Imprimeu<\/td>\n<td>Uni<\/td>\n<\/tr>\n<tr>\n<td>Material<\/td>\n<td>Bumbac<\/td>\n<\/tr>\n<p><!-- More rows as necessary --><br \/>\n        <\/tbody>\n<p>        <!-- Additional table for composition --><br \/>\n        <!-- More tables if necessary --><br \/>\n    <\/table>\n<p>    <!-- Continue with the description --><\/p>\n<p>    <!-- Usage advice section --><\/p>\n<p>    <!-- Sales arguments section --><\/p>\n<p>    <!-- Style suggestions section --><\/p>\n<p>  <!-- Close div tag --><\/p>\n<p><a href=\"https:\/\/l.profitshare.ro\/l\/14529720?redirect=https:\/\/www.emag.ro\/emporio-armani-trening-cu-logo-interlock\/fd\/4368803\/culoare-c5401,bleumarin-v8456459\/\" target=\"_blank\" rel=\"nofollow noopener sponsored\"><\/p>\n<div class=\"well js-product-review-modal-host\">\n<div class=\"row\">\n<div class=\"col-md-10 col-md-offset-1\">\n<div class=\"table-layout block-sm-layout row\">\n<div class=\"table-cell col-xs-12 col-sm-5 col-md-5\">\n<h3 class=\"strong mt-2\">Fii primul care scrie un review<\/h3>\n<p>Spune-ti parerea acordand o nota produsului<\/p>\n<\/p><\/div>\n<div class=\"table-cell hidden-xs col-sm-2 col-md-2 text-center\">\n                            <\/div>\n<div class=\"table-cell col-xs-12 col-sm-5 col-md-5\">\n<div class=\"form-group js-review-add-info\" data-url=\"?ref=review-box_add-review_icon\">\n                                    <label for=\"new-review-input\" class=\"control-label sr-only\">Rating:<\/label><\/p>\n<div class=\"star-rating star-rating-input  star-rating-lg  star-rating-input gtm_dx0pnu\">\n<div class=\"star-rating-inner gtm_dx0pnu\"><button type=\"button\" class=\"em em-star_fill gtm_dx0pnu\" data-rating=\"5\"><\/button><button type=\"button\" class=\"em em-star_fill gtm_dx0pnu\" data-rating=\"4\"><\/button><button type=\"button\" class=\"em em-star_fill gtm_dx0pnu\" data-rating=\"3\"><\/button><button type=\"button\" class=\"em em-star_fill gtm_dx0pnu\" data-rating=\"2\"><\/button><button type=\"button\" class=\"em em-star_fill gtm_dx0pnu\" data-rating=\"1\"><\/button><\/div>\n<p>        <input type=\"hidden\" name=\"new-review\" value=\"0\">\n    <\/div>\n<p>                                    <span class=\"star-rating-text star-rating-lg strong visible-xs-block visible-sm-block visible-md-block visible-lg-inline-block visible-xl-inline-block js-review-add-text\">Acorda o nota<\/span>\n                                <\/div>\n<p>                                                                <a href=\"?ref=review-box_add-review_btn\" class=\"btn btn-primary btn-lg js-product-review-modal gtm_prod_page_review_write\" data-modal-auth-redirect-url=\"?ref=review-box_add-review_btn\" data-modal-confirm-edit=\"\">Adauga un review<\/a>\n                            <\/div>\n<\/p><\/div>\n<\/p><\/div>\n<\/p><\/div>\n<\/p><\/div>\n<p><\/a><\/p>\n<p>\u00a0<\/p>\n","protected":false},"excerpt":{"rendered":"<p>Comanda acum Emporio Armani &#8211; Trening cu logo Interlock, Bleumarin<\/p>\n","protected":false},"featured_media":656,"comment_status":"closed","ping_status":"open","template":"","meta":{"iawp_total_views":0},"product_brand":[220],"product_cat":[217,221,215],"product_tag":[],"class_list":{"0":"post-655","1":"product","2":"type-product","3":"status-publish","4":"has-post-thumbnail","6":"product_brand-emporio-armani","7":"product_cat-trening-barbati","8":"product_cat-trening-barbati-emporio-armani","9":"product_cat-trening-barbati-firma","10":"pa_magazin-emag-ro","12":"first","13":"instock","14":"product-type-external"},"_links":{"self":[{"href":"https:\/\/treningbarbati.ro\/index.php?rest_route=\/wp\/v2\/product\/655","targetHints":{"allow":["GET"]}}],"collection":[{"href":"https:\/\/treningbarbati.ro\/index.php?rest_route=\/wp\/v2\/product"}],"about":[{"href":"https:\/\/treningbarbati.ro\/index.php?rest_route=\/wp\/v2\/types\/product"}],"replies":[{"embeddable":true,"href":"https:\/\/treningbarbati.ro\/index.php?rest_route=%2Fwp%2Fv2%2Fcomments&post=655"}],"wp:featuredmedia":[{"embeddable":true,"href":"https:\/\/treningbarbati.ro\/index.php?rest_route=\/wp\/v2\/media\/656"}],"wp:attachment":[{"href":"https:\/\/treningbarbati.ro\/index.php?rest_route=%2Fwp%2Fv2%2Fmedia&parent=655"}],"wp:term":[{"taxonomy":"product_brand","embeddable":true,"href":"https:\/\/treningbarbati.ro\/index.php?rest_route=%2Fwp%2Fv2%2Fproduct_brand&post=655"},{"taxonomy":"product_cat","embeddable":true,"href":"https:\/\/treningbarbati.ro\/index.php?rest_route=%2Fwp%2Fv2%2Fproduct_cat&post=655"},{"taxonomy":"product_tag","embeddable":true,"href":"https:\/\/treningbarbati.ro\/index.php?rest_route=%2Fwp%2Fv2%2Fproduct_tag&post=655"}],"curies":[{"name":"wp","href":"https:\/\/api.w.org\/{rel}","templated":true}]}}