{"id":639,"date":"2026-04-09T06:43:30","date_gmt":"2026-04-09T06:43:30","guid":{"rendered":"https:\/\/treningbarbati.ro\/?product=jack-jones-trening-cu-gluga-warrior-bleumarin-by-emag-ro"},"modified":"2026-04-09T06:43:33","modified_gmt":"2026-04-09T06:43:33","slug":"jack-jones-trening-cu-gluga-warrior-bleumarin-by-emag-ro","status":"publish","type":"product","link":"https:\/\/treningbarbati.ro\/?product=jack-jones-trening-cu-gluga-warrior-bleumarin-by-emag-ro","title":{"rendered":"Jack &#038; Jones, Trening cu gluga Warrior, Bleumarin By Emag.ro"},"content":{"rendered":"<p>&#8220;`html<\/p>\n<div>\n<h2>Introducere captivant\u0103<\/h2>\n<p>C\u00e2nd vine vorba de confort \u0219i stil, treningul Jack &#038; Jones Warrior este alegerea ideal\u0103 pentru b\u0103rba\u021bii care nu doresc s\u0103 fac\u0103 compromisuri. Fie c\u0103 te relaxezi acas\u0103, ie\u0219i la o plimbare sau te antrenezi, acest trening \u00ee\u021bi ofer\u0103 libertatea de mi\u0219care \u0219i aspectul modern pe care \u00eel cau\u021bi. Cu un design simplu \u0219i elegant \u00een nuan\u021be de bleumarin, acest set este esen\u021bial pentru garderoba oric\u0103rui b\u0103rbat activ.<\/p>\n<h2>Descriere detaliat\u0103 a produsului<\/h2>\n<p class=\"pt-5 text-uppercase strong\">Caracteristici<\/p>\n<table class=\"table table-striped specifications-table\">\n<tbody>\n<tr>\n<td class=\"col-xs-4 text-muted\">Culoare<\/td>\n<td class=\"col-xs-8\">Bleumarin<\/td>\n<\/tr>\n<tr>\n<td class=\"col-xs-4 text-muted\">Imprimeu<\/td>\n<td class=\"col-xs-8\">Uni Logo<\/td>\n<\/tr>\n<tr>\n<td class=\"col-xs-4 text-muted\">Material<\/td>\n<td class=\"col-xs-8\">Poliester Bumbac<\/td>\n<\/tr>\n<p>            <!-- More rows here --><br \/>\n        <\/tbody>\n<\/table>\n<p>    <!-- Additional description sections --><\/p>\n<p>    <!-- Compozitie Table --><\/p>\n<p>    <!-- Sfaturi de utilizare --><\/p>\n<p>    <!-- Argumente de v\u00e2nzare --><\/p>\n<p>   <!-- Sugestii de stil --><\/p>\n<p>   <!-- Closing div tag --><\/p>\n<p>&#8220;`<br \/>\nPute\u021bi continua s\u0103 completa\u021bi descrierea detaliat\u0103, sfaturile \u0219i alte sec\u021biuni urm\u00e2nd structura exemplar\u0103 furnizat\u0103 mai sus. Asigura\u021bi-v\u0103 c\u0103 include\u021bi toate informa\u021biile relevante din specifica\u021biile tehnice \u0219i compozi\u021bia materialului pentru a oferi o imagine complet\u0103 a produsului.<\/p>\n<p><a href=\"https:\/\/l.profitshare.ro\/l\/14529720?redirect=https:\/\/www.emag.ro\/jack-jones-trening-cu-gluga-warrior\/fd\/3633889\/culoare-c5401,bleumarin-v8456459\/\" target=\"_blank\" rel=\"nofollow noopener sponsored\"><\/p>\n<div class=\"text-center\">\n<p class=\"review-rating-data\">5<\/p>\n<div class=\"mb-1\">\n<div class=\"star-rating star-rating-read rated-5  star-rating-ms  \">\n<div class=\"star-rating-inner \" style=\"width: 100%\"><\/div>\n<\/p><\/div>\n<\/div>\n<p class=\"small fw-semibold fs-12 text-muted\">\n            2 review-uri\n        <\/p>\n<\/p><\/div>\n<div>\n<div class=\"reviews-summary-container\">\n<div class=\"reviews-summary-bars rating-5-stars\">\n                <a href=\"#\" class=\"js-rating-bar gtm_mh32718115\" data-value=\"5\"><br \/>\n                    5 stele<br \/>\n                <\/a><br \/>\n                <a href=\"#\" class=\"js-rating-bar gtm_mh32718115 hidden-md\" data-value=\"5\"><\/p>\n<div class=\"progress\">\n<div class=\"progress-bar\" role=\"progressbar\" style=\"width: 100%\"><\/div>\n<\/p><\/div>\n<p>                <\/a><br \/>\n                <a href=\"#\" class=\"js-rating-bar gtm_mh32718115\" data-value=\"5\">(2)<\/a>\n            <\/div>\n<div class=\"reviews-summary-bars rating-4-stars\">\n                <a href=\"#\" class=\"js-rating-bar gtm_mh32718114\" data-value=\"4\"><br \/>\n                    4 stele<br \/>\n                <\/a><br \/>\n                <a href=\"#\" class=\"js-rating-bar gtm_mh32718114 hidden-md\" data-value=\"4\"><\/p>\n<div class=\"progress\">\n<div class=\"progress-bar\" role=\"progressbar\" style=\"width: 0%\"><\/div>\n<\/p><\/div>\n<p>                <\/a><br \/>\n                <a href=\"#\" class=\"js-rating-bar gtm_mh32718114\" data-value=\"4\">(0)<\/a>\n            <\/div>\n<div class=\"reviews-summary-bars rating-3-stars\">\n                <a href=\"#\" class=\"js-rating-bar gtm_mh32718113\" data-value=\"3\"><br \/>\n                    3 stele<br \/>\n                <\/a><br \/>\n                <a href=\"#\" class=\"js-rating-bar gtm_mh32718113 hidden-md\" data-value=\"3\"><\/p>\n<div class=\"progress\">\n<div class=\"progress-bar\" role=\"progressbar\" style=\"width: 0%\"><\/div>\n<\/p><\/div>\n<p>                <\/a><br \/>\n                <a href=\"#\" class=\"js-rating-bar gtm_mh32718113\" data-value=\"3\">(0)<\/a>\n            <\/div>\n<div class=\"reviews-summary-bars rating-2-stars\">\n                <a href=\"#\" class=\"js-rating-bar gtm_mh32718112\" data-value=\"2\"><br \/>\n                    2 stele<br \/>\n                <\/a><br \/>\n                <a href=\"#\" class=\"js-rating-bar gtm_mh32718112 hidden-md\" data-value=\"2\"><\/p>\n<div class=\"progress\">\n<div class=\"progress-bar\" role=\"progressbar\" style=\"width: 0%\"><\/div>\n<\/p><\/div>\n<p>                <\/a><br \/>\n                <a href=\"#\" class=\"js-rating-bar gtm_mh32718112\" data-value=\"2\">(0)<\/a>\n            <\/div>\n<div class=\"reviews-summary-bars rating-1-stars\">\n                <a href=\"#\" class=\"js-rating-bar gtm_mh32718111\" data-value=\"1\"><br \/>\n                    1 stea<br \/>\n                <\/a><br \/>\n                <a href=\"#\" class=\"js-rating-bar gtm_mh32718111 hidden-md\" data-value=\"1\"><\/p>\n<div class=\"progress\">\n<div class=\"progress-bar\" role=\"progressbar\" style=\"width: 0%\"><\/div>\n<\/p><\/div>\n<p>                <\/a><br \/>\n                <a href=\"#\" class=\"js-rating-bar gtm_mh32718111\" data-value=\"1\">(0)<\/a>\n            <\/div>\n<\/div>\n<\/div>\n<div class=\"mobile-flex-split \"><\/div>\n<div class=\"verified-reviews js-verified-reviews\">\n<p class=\"text-center\"><i class=\"em em-verified\"><\/i><\/p>\n<p class=\"fw-semibold\">2<\/p>\n<p class=\"text-muted text-center\">Reviews cumparatori eMAG<\/p>\n<\/p><\/div>\n<div class=\"vsep\"><\/div>\n<div class=\"recommending-reviews js-recommending-reviews  \">\n<p class=\"text-center\"><i class=\"em em-vote-on\"><\/i><\/p>\n<p class=\"fw-semibold\">100%<\/p>\n<p class=\"text-muted text-center\">clienti eMAG recomanda produsul<\/p>\n<\/div>\n<div class=\"ask-review text-center text-sm-start hidden-xs hidden-sm \">\n<div class=\"reviews-own-box position-relative js-product-review-modal-host\">\n<p class=\"fs-18 fw-semibold mt-0 mb-2 xs-group text-neutral-darkest\">Detii sau ai utilizat produsul?<\/p>\n<p class=\"hidden-xs text-neutral-darker\">Spune-ti parerea acordand o nota produsului<\/p>\n<div class=\"hidden-xs pb-2 js-review-add-info\" data-url=\"\/product-feedback\/jack-jones-trening-cu-gluga-warrior-bleumarin-l-12248814-navy-blazer-pants-l\/pd\/D74121YBM\/review\/add?ref=review-box_add-review_icon\">\n<div class=\"star-rating star-rating-input  star-rating-md  star-rating-input gtm_dx0pnu\">\n<div class=\"star-rating-inner gtm_dx0pnu\"><button type=\"button\" class=\"em em-star_fill gtm_dx0pnu\" data-rating=\"5\"><\/button><button type=\"button\" class=\"em em-star_fill gtm_dx0pnu\" data-rating=\"4\"><\/button><button type=\"button\" class=\"em em-star_fill gtm_dx0pnu\" data-rating=\"3\"><\/button><button type=\"button\" class=\"em em-star_fill gtm_dx0pnu\" data-rating=\"2\"><\/button><button type=\"button\" class=\"em em-star_fill gtm_dx0pnu\" data-rating=\"1\"><\/button><\/div>\n<p>        <input type=\"hidden\" name=\"new-review\" value=\"0\">\n    <\/div>\n<p>                    <span class=\"star-rating-text star-rating-lg strong visible-xs-block visible-sm-block visible-md-block visible-lg-inline-block visible-xl-inline-block js-review-add-text\"><\/span>\n                <\/div>\n<p>                                <a href=\"\/product-feedback\/jack-jones-trening-cu-gluga-warrior-bleumarin-l-12248814-navy-blazer-pants-l\/pd\/D74121YBM\/review\/add?ref=review-box_add-review_btn\" class=\"btn btn-primary btn-sm button-block-xs js-product-review-modal gtm_prod_page_review_write\" data-modal-auth-redirect-url=\"\/product-feedback\/jack-jones-trening-cu-gluga-warrior-bleumarin-l-12248814-navy-blazer-pants-l\/pd\/D74121YBM\/review\/add?ref=review-box_add-review_btn\" data-modal-confirm-edit=\"\">Adauga un review<\/a><\/div>\n<\/p><\/div>\n<p><\/a><\/p>\n<p>\u00a0<\/p>\n","protected":false},"excerpt":{"rendered":"<p>Comanda acum Jack &#038; Jones &#8211; Trening cu gluga Warrior, Bleumarin<\/p>\n","protected":false},"featured_media":640,"comment_status":"closed","ping_status":"open","template":"","meta":{"iawp_total_views":0},"product_brand":[214],"product_cat":[217,215,216],"product_tag":[],"class_list":{"0":"post-639","1":"product","2":"type-product","3":"status-publish","4":"has-post-thumbnail","6":"product_brand-jack-jones","7":"product_cat-trening-barbati","8":"product_cat-trening-barbati-firma","9":"product_cat-trening-barbati-jack-jones","10":"pa_magazin-emag-ro","12":"first","13":"instock","14":"product-type-external"},"_links":{"self":[{"href":"https:\/\/treningbarbati.ro\/index.php?rest_route=\/wp\/v2\/product\/639","targetHints":{"allow":["GET"]}}],"collection":[{"href":"https:\/\/treningbarbati.ro\/index.php?rest_route=\/wp\/v2\/product"}],"about":[{"href":"https:\/\/treningbarbati.ro\/index.php?rest_route=\/wp\/v2\/types\/product"}],"replies":[{"embeddable":true,"href":"https:\/\/treningbarbati.ro\/index.php?rest_route=%2Fwp%2Fv2%2Fcomments&post=639"}],"wp:featuredmedia":[{"embeddable":true,"href":"https:\/\/treningbarbati.ro\/index.php?rest_route=\/wp\/v2\/media\/640"}],"wp:attachment":[{"href":"https:\/\/treningbarbati.ro\/index.php?rest_route=%2Fwp%2Fv2%2Fmedia&parent=639"}],"wp:term":[{"taxonomy":"product_brand","embeddable":true,"href":"https:\/\/treningbarbati.ro\/index.php?rest_route=%2Fwp%2Fv2%2Fproduct_brand&post=639"},{"taxonomy":"product_cat","embeddable":true,"href":"https:\/\/treningbarbati.ro\/index.php?rest_route=%2Fwp%2Fv2%2Fproduct_cat&post=639"},{"taxonomy":"product_tag","embeddable":true,"href":"https:\/\/treningbarbati.ro\/index.php?rest_route=%2Fwp%2Fv2%2Fproduct_tag&post=639"}],"curies":[{"name":"wp","href":"https:\/\/api.w.org\/{rel}","templated":true}]}}