{"id":1244,"date":"2026-04-09T06:50:17","date_gmt":"2026-04-09T06:50:17","guid":{"rendered":"https:\/\/treningbarbati.ro\/?product=compleu-sport-barbati-ozonee-o-ff5032ab-bej-by-emag-ro"},"modified":"2026-04-09T06:50:24","modified_gmt":"2026-04-09T06:50:24","slug":"compleu-sport-barbati-ozonee-o-ff5032ab-bej-by-emag-ro","status":"publish","type":"product","link":"https:\/\/treningbarbati.ro\/?product=compleu-sport-barbati-ozonee-o-ff5032ab-bej-by-emag-ro","title":{"rendered":"Compleu sport barbati OZONEE O\/FF5032AB, Bej By Emag.ro"},"content":{"rendered":"<p>html<\/p>\n<div>\n<h2>Introducere<\/h2>\n<p>\u00centr-o lume \u00een care confortul \u0219i stilul sunt esen\u021biale, Compleul sport pentru b\u0103rba\u021bi OZONEE O\/FF5032AB devine alegerea ideal\u0103 pentru cei care doresc s\u0103 \u00eembine utilul cu pl\u0103cutul. Fie c\u0103 e\u0219ti un pasionat al activit\u0103\u021bilor sportive sau pur \u0219i simplu apreciezi un look casual bine definit, acest compleu este creat special pentru a r\u0103spunde nevoilor tale zilnice. Cu o croial\u0103 modern\u0103 \u0219i un material ce ofer\u0103 libertate de mi\u0219care, Compleul OZONEE promite s\u0103 devin\u0103 un element indispensabil din garderoba ta.<\/p>\n<h2>Descriere Detaliat\u0103<\/h2>\n<p>Compleul sport pentru b\u0103rba\u021bi OZONEE O\/FF5032AB \u00een nuan\u021ba bej este conceput dintr-o combina\u021bie de 80% bumbac \u0219i 20% poliester, asigur\u00e2nd astfel un echilibru perfect \u00eentre confort \u0219i durabilitate. Modelul prezentat are o \u00een\u0103l\u021bime de 182 cm \u0219i c\u00e2nt\u0103re\u0219te 87 kg, purt\u00e2nd m\u0103rimea L.<\/p>\n<h3>Imagini Produs<\/h3>\n<div><img decoding=\"async\" src=\"https:\/\/ozonee.ro\/data\/include\/cms\/sc\/ff5032ab.jpg\" alt=\"Compleu sport barbati\"><\/div>\n<table class=\"specifications-table\">\n<thead>\n<tr>\n<th colspan=\"2\">Caracteristici<\/th>\n<\/tr>\n<\/thead>\n<tbody>\n<tr>\n<td class=\"text-muted\">Culoare<\/td>\n<td>Bej<\/td>\n<\/tr>\n<tr>\n<td class=\"text-muted\">Material<\/td>\n<td>Bumbac<\/td>\n<\/tr>\n<\/tbody>\n<\/table>\n<p>    <!-- Continuarea descrierii detaliate cu alte imagini --><\/p>\n<p>    <!-- Sfaturi de utilizare --><\/p>\n<h3>Sfaturi de Utilizare \u0219i Beneficii Practice<\/h3>\n<p>     <!-- Argumente de v\u00e2nzare --><br \/>\n     <!-- Sugestii de stil --><\/p>\n<p>     <!-- Concluzie finala --><\/p>\n<p><a href=\"https:\/\/l.profitshare.ro\/l\/14529720?redirect=https:\/\/www.emag.ro\/compleu-sport-barbati-ozonee-o-ff5032ab\/fd\/5593144\/culoare-c5401,bej-v1631601\/\" target=\"_blank\" rel=\"nofollow noopener sponsored\"><\/p>\n<div class=\"well js-product-review-modal-host\">\n<div class=\"row\">\n<div class=\"col-md-10 col-md-offset-1\">\n<div class=\"table-layout block-sm-layout row\">\n<div class=\"table-cell col-xs-12 col-sm-5 col-md-5\">\n<h3 class=\"strong mt-2\">Fii primul care scrie un review<\/h3>\n<p>Spune-ti parerea acordand o nota produsului<\/p>\n<\/p><\/div>\n<div class=\"table-cell hidden-xs col-sm-2 col-md-2 text-center\">\n                            <\/div>\n<div class=\"table-cell col-xs-12 col-sm-5 col-md-5\">\n<div class=\"form-group js-review-add-info\" data-url=\"?ref=review-box_add-review_icon\">\n                                    <label for=\"new-review-input\" class=\"control-label sr-only\">Rating:<\/label><\/p>\n<div class=\"star-rating star-rating-input  star-rating-lg  star-rating-input gtm_dx0pnu\">\n<div class=\"star-rating-inner gtm_dx0pnu\"><button type=\"button\" class=\"em em-star_fill gtm_dx0pnu\" data-rating=\"5\"><\/button><button type=\"button\" class=\"em em-star_fill gtm_dx0pnu\" data-rating=\"4\"><\/button><button type=\"button\" class=\"em em-star_fill gtm_dx0pnu\" data-rating=\"3\"><\/button><button type=\"button\" class=\"em em-star_fill gtm_dx0pnu\" data-rating=\"2\"><\/button><button type=\"button\" class=\"em em-star_fill gtm_dx0pnu\" data-rating=\"1\"><\/button><\/div>\n<p>        <input type=\"hidden\" name=\"new-review\" value=\"0\">\n    <\/div>\n<p>                                    <span class=\"star-rating-text star-rating-lg strong visible-xs-block visible-sm-block visible-md-block visible-lg-inline-block visible-xl-inline-block js-review-add-text\">Acorda o nota<\/span>\n                                <\/div>\n<p>                                                                <a href=\"?ref=review-box_add-review_btn\" class=\"btn btn-primary btn-lg js-product-review-modal gtm_prod_page_review_write\" data-modal-auth-redirect-url=\"?ref=review-box_add-review_btn\" data-modal-confirm-edit=\"\">Adauga un review<\/a>\n                            <\/div>\n<\/p><\/div>\n<\/p><\/div>\n<\/p><\/div>\n<\/p><\/div>\n<p><\/a><\/p>\n<p>\u00a0<\/p>\n","protected":false},"excerpt":{"rendered":"<p>Comanda acum Ozonee &#8211; Compleu sport barbati O\/FF5032AB, Bej<br \/>\n                    Rate 0% dobanda cu MyWallet<\/p>\n","protected":false},"featured_media":1245,"comment_status":"closed","ping_status":"open","template":"","meta":{"iawp_total_views":0},"product_brand":[230],"product_cat":[217,215,231],"product_tag":[],"class_list":{"0":"post-1244","1":"product","2":"type-product","3":"status-publish","4":"has-post-thumbnail","6":"product_brand-ozonee","7":"product_cat-trening-barbati","8":"product_cat-trening-barbati-firma","9":"product_cat-trening-barbati-ozonee","10":"pa_magazin-emag-ro","12":"first","13":"instock","14":"product-type-external"},"_links":{"self":[{"href":"https:\/\/treningbarbati.ro\/index.php?rest_route=\/wp\/v2\/product\/1244","targetHints":{"allow":["GET"]}}],"collection":[{"href":"https:\/\/treningbarbati.ro\/index.php?rest_route=\/wp\/v2\/product"}],"about":[{"href":"https:\/\/treningbarbati.ro\/index.php?rest_route=\/wp\/v2\/types\/product"}],"replies":[{"embeddable":true,"href":"https:\/\/treningbarbati.ro\/index.php?rest_route=%2Fwp%2Fv2%2Fcomments&post=1244"}],"wp:featuredmedia":[{"embeddable":true,"href":"https:\/\/treningbarbati.ro\/index.php?rest_route=\/wp\/v2\/media\/1245"}],"wp:attachment":[{"href":"https:\/\/treningbarbati.ro\/index.php?rest_route=%2Fwp%2Fv2%2Fmedia&parent=1244"}],"wp:term":[{"taxonomy":"product_brand","embeddable":true,"href":"https:\/\/treningbarbati.ro\/index.php?rest_route=%2Fwp%2Fv2%2Fproduct_brand&post=1244"},{"taxonomy":"product_cat","embeddable":true,"href":"https:\/\/treningbarbati.ro\/index.php?rest_route=%2Fwp%2Fv2%2Fproduct_cat&post=1244"},{"taxonomy":"product_tag","embeddable":true,"href":"https:\/\/treningbarbati.ro\/index.php?rest_route=%2Fwp%2Fv2%2Fproduct_tag&post=1244"}],"curies":[{"name":"wp","href":"https:\/\/api.w.org\/{rel}","templated":true}]}}