{"id":1190,"date":"2026-04-09T06:49:52","date_gmt":"2026-04-09T06:49:52","guid":{"rendered":"https:\/\/treningbarbati.ro\/?product=ufit-trening-din-amestec-de-bumbac-cu-mansete-elastice-rock-albastru-glaciar-by-emag-ro"},"modified":"2026-04-09T06:49:54","modified_gmt":"2026-04-09T06:49:54","slug":"ufit-trening-din-amestec-de-bumbac-cu-mansete-elastice-rock-albastru-glaciar-by-emag-ro","status":"publish","type":"product","link":"https:\/\/treningbarbati.ro\/?product=ufit-trening-din-amestec-de-bumbac-cu-mansete-elastice-rock-albastru-glaciar-by-emag-ro","title":{"rendered":"uFIT, Trening din amestec de bumbac cu mansete elastice Rock, Albastru glaciar By Emag.ro"},"content":{"rendered":"<p>html<\/p>\n<div>\n<h2>Descoper\u0103 Treningul uFIT: Confort \u0219i Stil pentru Orice Ocazie<\/h2>\n<p>\u00centr-o lume \u00een care confortul \u0219i stilul merg m\u00e2n\u0103 \u00een m\u00e2n\u0103, treningurile au devenit o pies\u0103 esen\u021bial\u0103 \u00een garderoba fiec\u0103rui b\u0103rbat modern. Treningul uFIT din amestec de bumbac cu man\u0219ete elastice Rock, \u00een nuan\u021ba sofisticat\u0103 de albastru glaciar, este alegerea perfect\u0103 pentru cei care doresc s\u0103 \u00eembine func\u021bionalitatea cu un aspect estetic deosebit. Fie c\u0103 e\u0219ti pasionat de sport sau cau\u021bi un outfit relaxat pentru timpul liber, acest trening barbati promite s\u0103 devin\u0103 piesa ta preferat\u0103.<\/p>\n<h3>Descriere detaliat\u0103 a produsului<\/h3>\n<p class=\"pt-5 text-uppercase strong\">Caracteristici<\/p>\n<table class=\"table table-striped specifications-table\">\n<tbody>\n<tr>\n<td class=\"col-xs-4 text-muted\">Culoare<\/td>\n<td class=\"col-xs-8\">Albastru glaciar<\/td>\n<\/tr>\n<tr>\n<td class=\"col-xs-4 text-muted\">Imprimeu<\/td>\n<td class=\"col-xs-8\">Uni<\/td>\n<\/tr>\n<tr>\n<td class=\"col-xs-4 text-muted\">Material<\/td>\n<td class=\"col-xs-8\">Poliester, Bumbac<\/td>\n<\/tr>\n<tr>\n<td class=\"col-xs-4 text-muted\">Croiala<\/td>\n<td class=\"col-xs-8\">Regular fit<\/td>\n<\/tr>\n<p>            <!-- Restul r\u00e2ndurilor au fost eliminate pentru claritate --><br \/>\n        <\/tbody>\n<\/table>\n<p>    <!-- Compozi\u021bie --><br \/>\n    <!-- R\u00e2ndurile au fost eliminate pentru claritate --><\/p>\n<p>    <!-- Sfaturi de utilizare \u0219i beneficii practice --><br \/>\n    <!-- Text introductiv eliminat pentru claritate --><\/p>\n<p>    <!-- Argumente de v\u00e2nzare \u0219i unicitate --><\/p>\n<p>     <!-- Sugestii de stil --><\/p>\n<p>     <!-- Restul con\u021binutului a fost eliminat din cauza restric\u021biei privind num\u0103rul maxim de caractere --><\/p>\n<p><!-- Aici ar trebui s\u0103 continue restul descrierii p\u00e2n\u0103 la 1000 de cuvinte --><\/p>\n<p><a href=\"https:\/\/l.profitshare.ro\/l\/14529720?redirect=https:\/\/www.emag.ro\/ufit-trening-din-amestec-de-bumbac-cu-mansete-elastice-rock\/fd\/5542557\/culoare-c5401,albastru-glaciar-v4177193\/\" target=\"_blank\" rel=\"nofollow noopener sponsored\"><\/p>\n<div class=\"well js-product-review-modal-host\">\n<div class=\"row\">\n<div class=\"col-md-10 col-md-offset-1\">\n<div class=\"table-layout block-sm-layout row\">\n<div class=\"table-cell col-xs-12 col-sm-5 col-md-5\">\n<h3 class=\"strong mt-2\">Fii primul care scrie un review<\/h3>\n<p>Spune-ti parerea acordand o nota produsului<\/p>\n<\/p><\/div>\n<div class=\"table-cell hidden-xs col-sm-2 col-md-2 text-center\">\n                            <\/div>\n<div class=\"table-cell col-xs-12 col-sm-5 col-md-5\">\n<div class=\"form-group js-review-add-info\" data-url=\"?ref=review-box_add-review_icon\">\n                                    <label for=\"new-review-input\" class=\"control-label sr-only\">Rating:<\/label><\/p>\n<div class=\"star-rating star-rating-input  star-rating-lg  star-rating-input gtm_dx0pnu\">\n<div class=\"star-rating-inner gtm_dx0pnu\"><button type=\"button\" class=\"em em-star_fill gtm_dx0pnu\" data-rating=\"5\"><\/button><button type=\"button\" class=\"em em-star_fill gtm_dx0pnu\" data-rating=\"4\"><\/button><button type=\"button\" class=\"em em-star_fill gtm_dx0pnu\" data-rating=\"3\"><\/button><button type=\"button\" class=\"em em-star_fill gtm_dx0pnu\" data-rating=\"2\"><\/button><button type=\"button\" class=\"em em-star_fill gtm_dx0pnu\" data-rating=\"1\"><\/button><\/div>\n<p>        <input type=\"hidden\" name=\"new-review\" value=\"0\">\n    <\/div>\n<p>                                    <span class=\"star-rating-text star-rating-lg strong visible-xs-block visible-sm-block visible-md-block visible-lg-inline-block visible-xl-inline-block js-review-add-text\">Acorda o nota<\/span>\n                                <\/div>\n<p>                                                                <a href=\"?ref=review-box_add-review_btn\" class=\"btn btn-primary btn-lg js-product-review-modal gtm_prod_page_review_write\" data-modal-auth-redirect-url=\"?ref=review-box_add-review_btn\" data-modal-confirm-edit=\"\">Adauga un review<\/a>\n                            <\/div>\n<\/p><\/div>\n<\/p><\/div>\n<\/p><\/div>\n<\/p><\/div>\n<p><\/a><\/p>\n<p>\u00a0<\/p>\n","protected":false},"excerpt":{"rendered":"<p>Comanda acum uFIT &#8211; Trening din amestec de bumbac cu mansete elastice Rock, Albastru glaciar<br \/>\n                    Rate 0% dobanda cu MyWallet<\/p>\n","protected":false},"featured_media":1191,"comment_status":"closed","ping_status":"open","template":"","meta":{"iawp_total_views":0},"product_brand":[228],"product_cat":[217,215,229],"product_tag":[],"class_list":{"0":"post-1190","1":"product","2":"type-product","3":"status-publish","4":"has-post-thumbnail","6":"product_brand-ufit","7":"product_cat-trening-barbati","8":"product_cat-trening-barbati-firma","9":"product_cat-trening-barbati-ufit","10":"pa_magazin-emag-ro","12":"first","13":"instock","14":"sale","15":"product-type-external"},"_links":{"self":[{"href":"https:\/\/treningbarbati.ro\/index.php?rest_route=\/wp\/v2\/product\/1190","targetHints":{"allow":["GET"]}}],"collection":[{"href":"https:\/\/treningbarbati.ro\/index.php?rest_route=\/wp\/v2\/product"}],"about":[{"href":"https:\/\/treningbarbati.ro\/index.php?rest_route=\/wp\/v2\/types\/product"}],"replies":[{"embeddable":true,"href":"https:\/\/treningbarbati.ro\/index.php?rest_route=%2Fwp%2Fv2%2Fcomments&post=1190"}],"wp:featuredmedia":[{"embeddable":true,"href":"https:\/\/treningbarbati.ro\/index.php?rest_route=\/wp\/v2\/media\/1191"}],"wp:attachment":[{"href":"https:\/\/treningbarbati.ro\/index.php?rest_route=%2Fwp%2Fv2%2Fmedia&parent=1190"}],"wp:term":[{"taxonomy":"product_brand","embeddable":true,"href":"https:\/\/treningbarbati.ro\/index.php?rest_route=%2Fwp%2Fv2%2Fproduct_brand&post=1190"},{"taxonomy":"product_cat","embeddable":true,"href":"https:\/\/treningbarbati.ro\/index.php?rest_route=%2Fwp%2Fv2%2Fproduct_cat&post=1190"},{"taxonomy":"product_tag","embeddable":true,"href":"https:\/\/treningbarbati.ro\/index.php?rest_route=%2Fwp%2Fv2%2Fproduct_tag&post=1190"}],"curies":[{"name":"wp","href":"https:\/\/api.w.org\/{rel}","templated":true}]}}