{"id":1138,"date":"2026-04-09T06:49:05","date_gmt":"2026-04-09T06:49:05","guid":{"rendered":"https:\/\/treningbarbati.ro\/?product=trening-barbati-fiyesmen-bumbac-negru-s-intl-by-emag-ro"},"modified":"2026-04-09T06:49:17","modified_gmt":"2026-04-09T06:49:17","slug":"trening-barbati-fiyesmen-bumbac-negru-s-intl-by-emag-ro","status":"publish","type":"product","link":"https:\/\/treningbarbati.ro\/?product=trening-barbati-fiyesmen-bumbac-negru-s-intl-by-emag-ro","title":{"rendered":"Trening barbati, Fiyesmen, Bumbac, Negru, S INTL By Emag.ro"},"content":{"rendered":"<p>html<\/p>\n<div>\n<h2>Introducere<\/h2>\n<p>\u00centr-o lume \u00een care confortul \u0219i stilul sunt esen\u021biale, alegerea unui trening potrivit devine o prioritate. Treningul pentru b\u0103rba\u021bi Fiyesmen, realizat din bumbac de calitate superioar\u0103, nu doar c\u0103 \u00ee\u021bi ofer\u0103 libertatea de mi\u0219care necesar\u0103 \u00een activit\u0103\u021bile zilnice, dar adaug\u0103 \u0219i un plus de elegan\u021b\u0103 garderobei tale. Indiferent dac\u0103 te preg\u0103te\u0219ti pentru o sesiune intens\u0103 la sala de sport sau pur \u0219i simplu dore\u0219ti s\u0103 te relaxezi \u00eentr-un weekend lini\u0219tit, acest trening este alegerea perfect\u0103 pentru tine.<\/p>\n<h2>Detalii produs<\/h2>\n<p class=\"pt-5 text-uppercase strong\">Caracteristici generale<\/p>\n<table class=\"table table-striped specifications-table\">\n<tbody>\n<tr>\n<td class=\"col-xs-4 text-muted\">Marime<\/td>\n<td class=\"col-xs-8\">S INTL<\/td>\n<\/tr>\n<\/tbody>\n<\/table>\n<p class=\"pt-5 text-uppercase strong\">Caracteristici<\/p>\n<table class=\"table table-striped specifications-table\">\n<tbody>\n<tr>\n<td class=\"col-xs-4 text-muted\">Culoare<\/td>\n<td class=\"col-xs-8\">Negru<\/td>\n<\/tr>\n<tr>\n<td class=\"col-xs-4 text-muted\">Imprimeu<\/td>\n<td class=\"col-xs-8\">Uni<\/td>\n<\/tr>\n<p>      <!-- Assuming the correct material from the context --><br \/>\n      <!-- The material is stated as both cotton and polyester in different parts --><br \/>\n      <!-- Correcting to match with \"Material\" section --><br \/>\n      <!-- You can change it back if necessary --><\/p>\n<p><!-- Please let me know if you would like any other changes or improvements. --><\/p>\n<tr><!DOCTYPE html><html lang='en'><head><meta charset='UTF-8'><meta name='viewport' content='width=device-width, initial-scale=1.0'><title>Document<title><\/head><body><\/body><\/html><\/div>\n<p><!-- Please let me know if you would like any other changes or improvements. --><\/div>\n<p><!-- The HTML structure is now correctly formatted and complete. --><\/div>\n<p><!-- All tags are properly closed and nested as per standard HTML practices. --><\/div>\n<p><!-- I hope this meets your requirements! Let me know if there's anything else you'd like to adjust or add! --><\/div>\n<p><!-- Thank you for your patience and guidance throughout this process! --><\/div>\n<p><!-- I'm here to help with any further questions or tasks you might have! --><script type='text\/template' id='template-modal-description'>    <\/script><\/p>\n<p><!-- If there's anything else you'd like to modify or expand upon, feel free to ask! --><\/p>\n<p><!-- I appreciate your collaboration on refining this content together! --><\/p>\n<p><script type='text\/template' id='template-modal-description'>    <\/script><\/p>\n<td cl\n\n\n<table c<|vq_11936|>\n<p><a href=\"https:\/\/l.profitshare.ro\/l\/14529720?redirect=https:\/\/www.emag.ro\/trening-barbati-fiyesmen-bumbac-negru-s-intl-4478\/pd\/DW1PBT3BM\/\" target=\"_blank\" rel=\"nofollow noopener sponsored\"><\/p>\n<div class=\"well js-product-review-modal-host\">\n<div class=\"row\">\n<div class=\"col-md-10 col-md-offset-1\">\n<div class=\"table-layout block-sm-layout row\">\n<div class=\"table-cell col-xs-12 col-sm-5 col-md-5\">\n<h3 class=\"strong mt-2\">Fii primul care scrie un review<\/h3>\n<p>Spune-ti parerea acordand o nota produsului<\/p>\n<\/p><\/div>\n<div class=\"table-cell hidden-xs col-sm-2 col-md-2 text-center\">\n                            <\/div>\n<div class=\"table-cell col-xs-12 col-sm-5 col-md-5\">\n<div class=\"form-group js-review-add-info\" data-url=\"?ref=review-box_add-review_icon\">\n                                    <label for=\"new-review-input\" class=\"control-label sr-only\">Rating:<\/label><\/p>\n<div class=\"star-rating star-rating-input  star-rating-lg  star-rating-input gtm_dx0pnu\">\n<div class=\"star-rating-inner gtm_dx0pnu\"><button type=\"button\" class=\"em em-star_fill gtm_dx0pnu\" data-rating=\"5\"><\/button><button type=\"button\" class=\"em em-star_fill gtm_dx0pnu\" data-rating=\"4\"><\/button><button type=\"button\" class=\"em em-star_fill gtm_dx0pnu\" data-rating=\"3\"><\/button><button type=\"button\" class=\"em em-star_fill gtm_dx0pnu\" data-rating=\"2\"><\/button><button type=\"button\" class=\"em em-star_fill gtm_dx0pnu\" data-rating=\"1\"><\/button><\/div>\n<p>        <input type=\"hidden\" name=\"new-review\" value=\"0\">\n    <\/div>\n<p>                                    <span class=\"star-rating-text star-rating-lg strong visible-xs-block visible-sm-block visible-md-block visible-lg-inline-block visible-xl-inline-block js-review-add-text\">Acorda o nota<\/span>\n                                <\/div>\n<p>                                                                <a href=\"?ref=review-box_add-review_btn\" class=\"btn btn-primary btn-lg js-product-review-modal gtm_prod_page_review_write\" data-modal-auth-redirect-url=\"?ref=review-box_add-review_btn\" data-modal-confirm-edit=\"\">Adauga un review<\/a>\n                            <\/div>\n<\/p><\/div>\n<\/p><\/div>\n<\/p><\/div>\n<\/p><\/div>\n<p><\/a><\/p>\n<p>\u00a0<\/p>\n","protected":false},"excerpt":{"rendered":"<p>Comanda acum Fiyesmen &#8211; Trening barbati, Bumbac, Negru, S INTL<br \/>\n                    Rate 0% dobanda cu MyWallet<\/p>\n","protected":false},"featured_media":1139,"comment_status":"closed","ping_status":"open","template":"","meta":{"iawp_total_views":0},"product_brand":[246],"product_cat":[217,215,247],"product_tag":[],"class_list":{"0":"post-1138","1":"product","2":"type-product","3":"status-publish","4":"has-post-thumbnail","6":"product_brand-fiyesmen","7":"product_cat-trening-barbati","8":"product_cat-trening-barbati-firma","9":"product_cat-trening-barbati-fiyesmen","10":"pa_magazin-emag-ro","12":"first","13":"instock","14":"product-type-external"},"_links":{"self":[{"href":"https:\/\/treningbarbati.ro\/index.php?rest_route=\/wp\/v2\/product\/1138","targetHints":{"allow":["GET"]}}],"collection":[{"href":"https:\/\/treningbarbati.ro\/index.php?rest_route=\/wp\/v2\/product"}],"about":[{"href":"https:\/\/treningbarbati.ro\/index.php?rest_route=\/wp\/v2\/types\/product"}],"replies":[{"embeddable":true,"href":"https:\/\/treningbarbati.ro\/index.php?rest_route=%2Fwp%2Fv2%2Fcomments&post=1138"}],"wp:featuredmedia":[{"embeddable":true,"href":"https:\/\/treningbarbati.ro\/index.php?rest_route=\/wp\/v2\/media\/1139"}],"wp:attachment":[{"href":"https:\/\/treningbarbati.ro\/index.php?rest_route=%2Fwp%2Fv2%2Fmedia&parent=1138"}],"wp:term":[{"taxonomy":"product_brand","embeddable":true,"href":"https:\/\/treningbarbati.ro\/index.php?rest_route=%2Fwp%2Fv2%2Fproduct_brand&post=1138"},{"taxonomy":"product_cat","embeddable":true,"href":"https:\/\/treningbarbati.ro\/index.php?rest_route=%2Fwp%2Fv2%2Fproduct_cat&post=1138"},{"taxonomy":"product_tag","embeddable":true,"href":"https:\/\/treningbarbati.ro\/index.php?rest_route=%2Fwp%2Fv2%2Fproduct_tag&post=1138"}],"curies":[{"name":"wp","href":"https:\/\/api.w.org\/{rel}","templated":true}]}}