{"id":1082,"date":"2026-04-09T06:48:41","date_gmt":"2026-04-09T06:48:41","guid":{"rendered":"https:\/\/treningbarbati.ro\/?product=trening-ea7-pentru-barbati-m-t-suit-t-top-fz-ch-light-coft-7m000206-af12681-uc001-negru-negru-by-emag-ro"},"modified":"2026-04-09T06:48:48","modified_gmt":"2026-04-09T06:48:48","slug":"trening-ea7-pentru-barbati-m-t-suit-t-top-fz-ch-light-coft-7m000206-af12681-uc001-negru-negru-by-emag-ro","status":"publish","type":"product","link":"https:\/\/treningbarbati.ro\/?product=trening-ea7-pentru-barbati-m-t-suit-t-top-fz-ch-light-coft-7m000206-af12681-uc001-negru-negru-by-emag-ro","title":{"rendered":"Trening EA7 pentru Barbati, m t-suit t-top fz ch light coft, 7M000206-AF12681-UC001, Negru, Negru By Emag.ro"},"content":{"rendered":"<p>html<\/p>\n<div>\n<h2>Introducere<\/h2>\n<p>\u00centr-o lume \u00een care confortul \u0219i stilul sunt la fel de importante, alegerea unui trening pentru b\u0103rba\u021bi care s\u0103 \u00eembine aceste atribute devine esen\u021bial\u0103. Treningul EA7 pentru b\u0103rba\u021bi, modelul m t-suit t-top fz ch light coft, este solu\u021bia perfect\u0103 pentru cei care doresc s\u0103 se simt\u0103 bine \u00een pielea lor f\u0103r\u0103 a face compromisuri estetice. Designul s\u0103u sofisticat \u0219i materialele de calitate superioar\u0103 fac din acest trening o alegere ideal\u0103 pentru orice ocazie, fie c\u0103 vorbim despre activit\u0103\u021bi sportive sau momentele de relaxare.<\/p>\n<h2>Detalii Produs<\/h2>\n<p>Treningul EA7 face parte din colec\u021bia Lifestyle \u0219i este destinat b\u0103rba\u021bilor adul\u021bi care apreciaz\u0103 un look modern \u0219i confortabil. Acest produs se remarc\u0103 prin designul s\u0103u elegant \u0219i func\u021bionalitatea sa excep\u021bional\u0103.<\/p>\n<h3>Caracteristici Tehnice<\/h3>\n<table>\n<thead>\n<tr>\n<th>Caracteristic\u0103<\/th>\n<th>Detaliu<\/th>\n<\/tr>\n<\/thead>\n<tbody>\n<tr>\n<td>Culoare<\/td>\n<td>Negru<\/td>\n<\/tr>\n<tr>\n<td>Material<\/td>\n<td>Bumbac<\/td>\n<\/tr>\n<\/tbody>\n<\/table>\n<p>    <!-- Descriere Detaliat\u0103 --><br \/>\n    <!-- Informa\u021bii adi\u021bionale despre produs --><\/p>\n<p>    <!-- Sfaturi de Utilizare --><\/p>\n<p>    <!-- Argumente de V\u00e2nzare --><\/p>\n<p><a href=\"https:\/\/l.profitshare.ro\/l\/14529720?redirect=https:\/\/www.emag.ro\/trening-ea7-pentru-barbati-m-t-suit-t-top-fz-ch-light-coft-7m000206-af12681-uc001-negru\/fd\/5591497\/culoare-c5401,negru-v8317693\/\" target=\"_blank\" rel=\"nofollow noopener sponsored\"><\/p>\n<div class=\"well js-product-review-modal-host\">\n<div class=\"row\">\n<div class=\"col-md-10 col-md-offset-1\">\n<div class=\"table-layout block-sm-layout row\">\n<div class=\"table-cell col-xs-12 col-sm-5 col-md-5\">\n<h3 class=\"strong mt-2\">Fii primul care scrie un review<\/h3>\n<p>Spune-ti parerea acordand o nota produsului<\/p>\n<\/p><\/div>\n<div class=\"table-cell hidden-xs col-sm-2 col-md-2 text-center\">\n                            <\/div>\n<div class=\"table-cell col-xs-12 col-sm-5 col-md-5\">\n<div class=\"form-group js-review-add-info\" data-url=\"?ref=review-box_add-review_icon\">\n                                    <label for=\"new-review-input\" class=\"control-label sr-only\">Rating:<\/label><\/p>\n<div class=\"star-rating star-rating-input  star-rating-lg  star-rating-input gtm_dx0pnu\">\n<div class=\"star-rating-inner gtm_dx0pnu\"><button type=\"button\" class=\"em em-star_fill gtm_dx0pnu\" data-rating=\"5\"><\/button><button type=\"button\" class=\"em em-star_fill gtm_dx0pnu\" data-rating=\"4\"><\/button><button type=\"button\" class=\"em em-star_fill gtm_dx0pnu\" data-rating=\"3\"><\/button><button type=\"button\" class=\"em em-star_fill gtm_dx0pnu\" data-rating=\"2\"><\/button><button type=\"button\" class=\"em em-star_fill gtm_dx0pnu\" data-rating=\"1\"><\/button><\/div>\n<p>        <input type=\"hidden\" name=\"new-review\" value=\"0\">\n    <\/div>\n<p>                                    <span class=\"star-rating-text star-rating-lg strong visible-xs-block visible-sm-block visible-md-block visible-lg-inline-block visible-xl-inline-block js-review-add-text\">Acorda o nota<\/span>\n                                <\/div>\n<p>                                                                <a href=\"?ref=review-box_add-review_btn\" class=\"btn btn-primary btn-lg js-product-review-modal gtm_prod_page_review_write\" data-modal-auth-redirect-url=\"?ref=review-box_add-review_btn\" data-modal-confirm-edit=\"\">Adauga un review<\/a>\n                            <\/div>\n<\/p><\/div>\n<\/p><\/div>\n<\/p><\/div>\n<\/p><\/div>\n<p><\/a><\/p>\n<p>\u00a0<\/p>\n","protected":false},"excerpt":{"rendered":"<p>Comanda acum EA7 &#8211; Trening pentru Barbati, m t-suit t-top fz ch light coft, 7M000206-AF12681-UC001, Negru, Negru<br \/>\n                    Rate 0% dobanda cu MyWallet<\/p>\n","protected":false},"featured_media":1083,"comment_status":"closed","ping_status":"open","template":"","meta":{"iawp_total_views":0},"product_brand":[218],"product_cat":[217,219,215],"product_tag":[],"class_list":{"0":"post-1082","1":"product","2":"type-product","3":"status-publish","4":"has-post-thumbnail","6":"product_brand-ea7","7":"product_cat-trening-barbati","8":"product_cat-trening-barbati-ea7","9":"product_cat-trening-barbati-firma","10":"pa_magazin-emag-ro","12":"first","13":"instock","14":"product-type-external"},"_links":{"self":[{"href":"https:\/\/treningbarbati.ro\/index.php?rest_route=\/wp\/v2\/product\/1082","targetHints":{"allow":["GET"]}}],"collection":[{"href":"https:\/\/treningbarbati.ro\/index.php?rest_route=\/wp\/v2\/product"}],"about":[{"href":"https:\/\/treningbarbati.ro\/index.php?rest_route=\/wp\/v2\/types\/product"}],"replies":[{"embeddable":true,"href":"https:\/\/treningbarbati.ro\/index.php?rest_route=%2Fwp%2Fv2%2Fcomments&post=1082"}],"wp:featuredmedia":[{"embeddable":true,"href":"https:\/\/treningbarbati.ro\/index.php?rest_route=\/wp\/v2\/media\/1083"}],"wp:attachment":[{"href":"https:\/\/treningbarbati.ro\/index.php?rest_route=%2Fwp%2Fv2%2Fmedia&parent=1082"}],"wp:term":[{"taxonomy":"product_brand","embeddable":true,"href":"https:\/\/treningbarbati.ro\/index.php?rest_route=%2Fwp%2Fv2%2Fproduct_brand&post=1082"},{"taxonomy":"product_cat","embeddable":true,"href":"https:\/\/treningbarbati.ro\/index.php?rest_route=%2Fwp%2Fv2%2Fproduct_cat&post=1082"},{"taxonomy":"product_tag","embeddable":true,"href":"https:\/\/treningbarbati.ro\/index.php?rest_route=%2Fwp%2Fv2%2Fproduct_tag&post=1082"}],"curies":[{"name":"wp","href":"https:\/\/api.w.org\/{rel}","templated":true}]}}